{"id":1025,"date":"2022-07-25T16:57:08","date_gmt":"2022-07-25T16:57:08","guid":{"rendered":"https:\/\/www.sgklm.schachix.de\/?page_id=1025"},"modified":"2022-07-27T09:57:58","modified_gmt":"2022-07-27T09:57:58","slug":"wotawa-studie-ue-01","status":"publish","type":"page","link":"https:\/\/www.sgklm.schachix.de\/?page_id=1025","title":{"rendered":"Wotawa-Studien"},"content":{"rendered":"\n<p>Quelle: Dvoretzky\/Pergakov: Studien f\u00fcr Praktiker.<\/p>\n<p>Die Aufgabe ist immer, einen <strong>Gewinnweg f\u00fcr Wei\u00df<\/strong> zu finden.<\/p>\n<p>F\u00fcr eine Studie gilt: Es liegt (nicht notwendig) eine Partie zugrunde.<\/p>\n<p>Es geht meist nicht darum in einem oder mehreren Z\u00fcgen matt zu setzen, sondern eine Aufgabe zu erf\u00fcllen. Hier ist das immer: <strong>Wei\u00df am Zug gewinnt.<\/strong><\/p>\n<p>Dies ist die erste Studie aus dem oben angegebenen Buch. Der Autor gibt an, dass er die Studien so weit m\u00f6glich nach Schwierigkeit angeordnet hat. Das hei\u00dft: F\u00fcr eine Wotawa-Studie ist \u00dc-01 ziemlich leicht.<\/p>\n<p style=\"text-align: center;\">Wotawa-Studie \u00dc-01:<\/p>\n\n\n\n\n<p class=\"rpbchessboard-spacerBefore\"><\/p>\n\n<div class=\"rpbchessboard-chessboard rpbchessboard-diagramAlignment-center\">\n    <noscript>\n        <div class=\"rpbchessboard-javascriptWarning\">\n            Sie m\u00fcssen JavaScript aktivieren, um die Diagramme zu verbessern.        <\/div>\n    <\/noscript>\n    <div id=\"rpbchessboard-69e4e95bb5afc-1\"><\/div>\n    <script type=\"text\/javascript\">\n        (function() {\n            function renderThisFEN() {\n                RPBChessboard.renderFEN(\"rpbchessboard-69e4e95bb5afc-1\", {\"position\":\"7r\\\/Q4p1p\\\/4n1p1\\\/7k\\\/5P2\\\/2q3PK\\\/2P3P1\\\/4R3 w - - 0 1\",\"squareSize\":32,\"coordinateVisible\":true,\"turnVisible\":true,\"colorset\":\"original\",\"pieceset\":\"cburnett\"});\n            }\n            if (document.readyState === 'loading') {\n                document.addEventListener('DOMContentLoaded', renderThisFEN);\n            }\n            else {\n                renderThisFEN();\n            }\n        })();\n    <\/script>\n<\/div>\n\n<p class=\"rpbchessboard-spacerAfter\"><\/p>\n\n\n\n<p style=\"text-align: center;\"><strong>Wei\u00df am Zug gewinnt.<\/strong><\/p>\n\n\n\n<p>Mir fallen zwei wichtige Argumente f\u00fcr das L\u00f6sen dieser Studien ein:<\/p>\n<ul>\n<li>Die L\u00f6sungen haben meist eine gewisse <strong>\u00c4sthetik<\/strong>. Du wirst die L\u00f6sung sch\u00f6n finden, falls du ein Gef\u00fchl f\u00fcr die Sch\u00f6nheit im Schach hast.<\/li>\n<li>Die L\u00f6sungen sind nicht einfach. Du wirst ein <strong>Gl\u00fccksgef\u00fchl<\/strong> haben, wenn du es schaffst, die Studie ohne Hilfsmittel selbstst\u00e4ndig zu l\u00f6sen.<\/li>\n<li>Die Studien sind <strong>partienah<\/strong>. Du wirst deine Spielst\u00e4rke durch das L\u00f6sen der Studien vergr\u00f6\u00dfern.<\/li>\n<li>Die Studien eigenen sich sehr gut f\u00fcr das Training des Analysierens: Schau, wie weit du mit deinen <strong>Kandidatenz\u00fcgen<\/strong> kommst. Hier vielleicht vor allem: 1. Dxf7, 1. Txe6, 1.Kh2, &#8230; Danach untersuchst du die Stellung oder Antwort und suchst den Gegenzug der Antwort (wieder Kandidatenz\u00fcge).<\/li>\n<\/ul>\n<p>\u00a0<\/p>\n<p>Die L\u00f6sung dieser Studie kannst du mit lichess \u00fcberpr\u00fcfen. Ich habe sie dort in einer Datei: <a href=\"https:\/\/lichess.org\/study\/LYERCVYK\">https:\/\/lichess.org\/study\/LYERCVYK<\/a><\/p>\n<p>\u00a0<\/p>\n<p>Oder: Schreib an den angegebenen Email-Kontakt.<\/p>\n<p>Ich ver\u00f6ffentliche immer eine Studie und l\u00f6se sie danach selbst. Wenn also 6 Studien zu finden sind, habe ich die vorigen 5 gel\u00f6st und befinde mich bei der L\u00f6sung der sechsten Studie.<\/p>\n","protected":false},"excerpt":{"rendered":"<p>Quelle: Dvoretzky\/Pergakov: Studien f\u00fcr Praktiker. Die Aufgabe ist immer, einen Gewinnweg f\u00fcr Wei\u00df zu finden. F\u00fcr eine Studie gilt: Es liegt (nicht notwendig) eine Partie zugrunde. Es geht meist nicht darum in einem oder mehreren Z\u00fcgen matt zu setzen, sondern eine Aufgabe zu erf\u00fcllen. Hier ist das immer: Wei\u00df am\u2026<\/p>\n<p class=\"continue-reading-button\"> <a class=\"continue-reading-link\" href=\"https:\/\/www.sgklm.schachix.de\/?page_id=1025\">Continue reading<i class=\"crycon-right-dir\"><\/i><\/a><\/p>\n","protected":false},"author":2,"featured_media":0,"parent":0,"menu_order":0,"comment_status":"closed","ping_status":"closed","template":"","meta":{"_uag_custom_page_level_css":"","footnotes":""},"categories":[],"tags":[],"class_list":["post-1025","page","type-page","status-publish","hentry"],"uagb_featured_image_src":{"full":false,"thumbnail":false,"medium":false,"medium_large":false,"large":false,"1536x1536":false,"2048x2048":false,"custom":false,"post-thumbnail":false,"header":false,"slider":false,"columns":false},"uagb_author_info":{"display_name":"Helmut H\u00fcrter","author_link":"https:\/\/www.sgklm.schachix.de\/?author=2"},"uagb_comment_info":0,"uagb_excerpt":"Quelle: Dvoretzky\/Pergakov: Studien f\u00fcr Praktiker. Die Aufgabe ist immer, einen Gewinnweg f\u00fcr Wei\u00df zu finden. F\u00fcr eine Studie gilt: Es liegt (nicht notwendig) eine Partie zugrunde. Es geht meist nicht darum in einem oder mehreren Z\u00fcgen matt zu setzen, sondern eine Aufgabe zu erf\u00fcllen. Hier ist das immer: Wei\u00df am\u2026 Continue reading","_links":{"self":[{"href":"https:\/\/www.sgklm.schachix.de\/index.php?rest_route=\/wp\/v2\/pages\/1025","targetHints":{"allow":["GET"]}}],"collection":[{"href":"https:\/\/www.sgklm.schachix.de\/index.php?rest_route=\/wp\/v2\/pages"}],"about":[{"href":"https:\/\/www.sgklm.schachix.de\/index.php?rest_route=\/wp\/v2\/types\/page"}],"author":[{"embeddable":true,"href":"https:\/\/www.sgklm.schachix.de\/index.php?rest_route=\/wp\/v2\/users\/2"}],"replies":[{"embeddable":true,"href":"https:\/\/www.sgklm.schachix.de\/index.php?rest_route=%2Fwp%2Fv2%2Fcomments&post=1025"}],"version-history":[{"count":6,"href":"https:\/\/www.sgklm.schachix.de\/index.php?rest_route=\/wp\/v2\/pages\/1025\/revisions"}],"predecessor-version":[{"id":1071,"href":"https:\/\/www.sgklm.schachix.de\/index.php?rest_route=\/wp\/v2\/pages\/1025\/revisions\/1071"}],"wp:attachment":[{"href":"https:\/\/www.sgklm.schachix.de\/index.php?rest_route=%2Fwp%2Fv2%2Fmedia&parent=1025"}],"wp:term":[{"taxonomy":"category","embeddable":true,"href":"https:\/\/www.sgklm.schachix.de\/index.php?rest_route=%2Fwp%2Fv2%2Fcategories&post=1025"},{"taxonomy":"post_tag","embeddable":true,"href":"https:\/\/www.sgklm.schachix.de\/index.php?rest_route=%2Fwp%2Fv2%2Ftags&post=1025"}],"curies":[{"name":"wp","href":"https:\/\/api.w.org\/{rel}","templated":true}]}}