{"id":1402,"date":"2023-10-03T16:15:58","date_gmt":"2023-10-03T16:15:58","guid":{"rendered":"https:\/\/www.sgklm.schachix.de\/?page_id=1402"},"modified":"2026-02-26T18:07:05","modified_gmt":"2026-02-26T18:07:05","slug":"downloads-satzung-beitragsregelung-antrag-auf-mitgliedschaft-antrag-auf-spielgenehmigung","status":"publish","type":"page","link":"https:\/\/www.sgklm.schachix.de\/?page_id=1402","title":{"rendered":"Downloads (Satzung, Beitragsregelung, Antrag auf Mitgliedschaft, Antrag auf Spielgenehmigung, &#8230;)"},"content":{"rendered":"<p>Auf dieser Seite gibt es wichtige Informationen oder Formulare zum Herunterladen: Klicken Sie in der folgenden Aufz\u00e4hlung auf die zugeh\u00f6rige Bezeichnung.<\/p>\n<ul>\n<li><a href=\"https:\/\/www.sgklm.schachix.de\/wp-content\/uploads\/2023\/10\/Satzung_SGKaiserslautern1905.pdf\">Satzung im pdf-Format<\/a><\/li>\n<li><a href=\"https:\/\/www.sgklm.schachix.de\/wp-content\/uploads\/2023\/10\/Beitragsregelung_MV2017.pdf\">Beitragsregelung im pdf-Format<\/a><\/li>\n<li><a title=\"Beitr\u00e4ge ab 2025 (und vorher)\" href=\"https:\/\/www.sgklm.schachix.de\/wp-content\/uploads\/2025\/06\/Vereinsbeitraege-SK-Kaiserslautern.pdf\">Beitr\u00e4ge ab 2025 (und vorher) (pdf)<\/a><\/li>\n<li><a href=\"https:\/\/www.schachverband-rheinland.de\/dokumente\/upload\/VSG_Antrag_SBRP_V2023-06.pdf\">Antrag auf Spielgenehmigung\u00a0<\/a><\/li>\n<li><a href=\"https:\/\/www.sgklm.schachix.de\/wp-content\/uploads\/2026\/02\/Aufnahmeantrag_SKKaiserslautern1905-e.V.pdf\">Aufnahmeantrag_SKKaiserslautern1905-e.V.pdf<\/a><\/li>\n<\/ul>\n\n","protected":false},"excerpt":{"rendered":"<p>Auf dieser Seite gibt es wichtige Informationen oder Formulare zum Herunterladen: Klicken Sie in der folgenden Aufz\u00e4hlung auf die zugeh\u00f6rige Bezeichnung. Satzung im pdf-Format Beitragsregelung im pdf-Format Beitr\u00e4ge ab 2025 (und vorher) (pdf) Antrag auf Spielgenehmigung\u00a0 Aufnahmeantrag_SKKaiserslautern1905-e.V.pdf<\/p>\n<p class=\"continue-reading-button\"> <a class=\"continue-reading-link\" href=\"https:\/\/www.sgklm.schachix.de\/?page_id=1402\">Continue reading<i class=\"crycon-right-dir\"><\/i><\/a><\/p>\n","protected":false},"author":2,"featured_media":0,"parent":0,"menu_order":0,"comment_status":"closed","ping_status":"closed","template":"","meta":{"_uag_custom_page_level_css":"","footnotes":""},"categories":[],"tags":[],"class_list":["post-1402","page","type-page","status-publish","hentry"],"uagb_featured_image_src":{"full":false,"thumbnail":false,"medium":false,"medium_large":false,"large":false,"1536x1536":false,"2048x2048":false,"custom":false,"post-thumbnail":false,"header":false,"slider":false,"columns":false},"uagb_author_info":{"display_name":"Helmut H\u00fcrter","author_link":"https:\/\/www.sgklm.schachix.de\/?author=2"},"uagb_comment_info":0,"uagb_excerpt":"Auf dieser Seite gibt es wichtige Informationen oder Formulare zum Herunterladen: Klicken Sie in der folgenden Aufz\u00e4hlung auf die zugeh\u00f6rige Bezeichnung. Satzung im pdf-Format Beitragsregelung im pdf-Format Beitr\u00e4ge ab 2025 (und vorher) (pdf) Antrag auf Spielgenehmigung\u00a0 Aufnahmeantrag_SKKaiserslautern1905-e.V.pdf Continue reading","_links":{"self":[{"href":"https:\/\/www.sgklm.schachix.de\/index.php?rest_route=\/wp\/v2\/pages\/1402","targetHints":{"allow":["GET"]}}],"collection":[{"href":"https:\/\/www.sgklm.schachix.de\/index.php?rest_route=\/wp\/v2\/pages"}],"about":[{"href":"https:\/\/www.sgklm.schachix.de\/index.php?rest_route=\/wp\/v2\/types\/page"}],"author":[{"embeddable":true,"href":"https:\/\/www.sgklm.schachix.de\/index.php?rest_route=\/wp\/v2\/users\/2"}],"replies":[{"embeddable":true,"href":"https:\/\/www.sgklm.schachix.de\/index.php?rest_route=%2Fwp%2Fv2%2Fcomments&post=1402"}],"version-history":[{"count":10,"href":"https:\/\/www.sgklm.schachix.de\/index.php?rest_route=\/wp\/v2\/pages\/1402\/revisions"}],"predecessor-version":[{"id":3307,"href":"https:\/\/www.sgklm.schachix.de\/index.php?rest_route=\/wp\/v2\/pages\/1402\/revisions\/3307"}],"wp:attachment":[{"href":"https:\/\/www.sgklm.schachix.de\/index.php?rest_route=%2Fwp%2Fv2%2Fmedia&parent=1402"}],"wp:term":[{"taxonomy":"category","embeddable":true,"href":"https:\/\/www.sgklm.schachix.de\/index.php?rest_route=%2Fwp%2Fv2%2Fcategories&post=1402"},{"taxonomy":"post_tag","embeddable":true,"href":"https:\/\/www.sgklm.schachix.de\/index.php?rest_route=%2Fwp%2Fv2%2Ftags&post=1402"}],"curies":[{"name":"wp","href":"https:\/\/api.w.org\/{rel}","templated":true}]}}