{"id":166,"date":"2018-06-11T14:47:10","date_gmt":"2018-06-11T14:47:10","guid":{"rendered":"https:\/\/www.sgklm.schachix.de\/?page_id=166"},"modified":"2019-01-10T17:52:05","modified_gmt":"2019-01-10T17:52:05","slug":"monatsblitz-juni-2018","status":"publish","type":"page","link":"https:\/\/www.sgklm.schachix.de\/?page_id=166","title":{"rendered":"Monatsblitz Juni 2018"},"content":{"rendered":"<p>Es ist ins nach \u00fcber zwei Jahren Wartezeit mal wieder gelungen, ein Monatsblitzturnier zu organisieren.<\/p>\n<p>Turnierleiter war Michael Diesenhof.<\/p>\n<p>Es nahmen 9 Spieler teil, so dass zweirundig jeder gegen jeden gespielt wurde.<\/p>\n<p>Das n\u00e4chste Monatsblitzturnier ist f\u00fcr den 7. August geplant. Es soll also wieder regelm\u00e4\u00dfig am ersten Dienstag im Monat (au\u00dfer in den Ferien) stattfinden.<\/p>\n<p>Oleg Yakovenko wurde seiner Favoritenrolle gerecht und gewann vor seinem Bruder Denis:<\/p>\n<table style=\"border-collapse: collapse; width: 100%;\" border=\"1\">\n<tbody>\n<tr>\n<td style=\"width: 10.4583%;\">Platz<\/td>\n<td style=\"width: 29.9583%;\">Name<\/td>\n<td style=\"width: 31.7916%;\">Verein<\/td>\n<td style=\"width: 12.2916%;\">Punkte<\/td>\n<\/tr>\n<tr>\n<td style=\"width: 10.4583%;\">1<\/td>\n<td style=\"width: 29.9583%;\">Oleg Yakovenko<\/td>\n<td style=\"width: 31.7916%;\">SC Niederkirchen<\/td>\n<td style=\"width: 12.2916%;\">14<\/td>\n<\/tr>\n<tr>\n<td style=\"width: 10.4583%;\">2<\/td>\n<td style=\"width: 29.9583%;\">Denis Yakovenko<\/td>\n<td style=\"width: 31.7916%;\">SC Niederkirchen<\/td>\n<td style=\"width: 12.2916%;\">13,5<\/td>\n<\/tr>\n<tr>\n<td style=\"width: 10.4583%;\">3<\/td>\n<td style=\"width: 29.9583%;\">Michael Diesenhof<\/td>\n<td style=\"width: 31.7916%;\">SG Kaiserslautern<\/td>\n<td style=\"width: 12.2916%;\">12<\/td>\n<\/tr>\n<tr>\n<td style=\"width: 10.4583%;\">4<\/td>\n<td style=\"width: 29.9583%;\">Marco Albert<\/td>\n<td style=\"width: 31.7916%;\">SG Kaiserslautern<\/td>\n<td style=\"width: 12.2916%;\">8,5<\/td>\n<\/tr>\n<tr>\n<td style=\"width: 10.4583%;\">4<\/td>\n<td style=\"width: 29.9583%;\">Philipp R\u00f6lle<\/td>\n<td style=\"width: 31.7916%;\">SC Ramstein-Miesenbach<\/td>\n<td style=\"width: 12.2916%;\">8,5<\/td>\n<\/tr>\n<tr>\n<td style=\"width: 10.4583%;\">6<\/td>\n<td style=\"width: 29.9583%;\">Yves Miltgen<\/td>\n<td style=\"width: 31.7916%;\">SG Kaiserslautern<\/td>\n<td style=\"width: 12.2916%;\">7,5<\/td>\n<\/tr>\n<tr>\n<td style=\"width: 10.4583%;\">7<\/td>\n<td style=\"width: 29.9583%;\">Lukas Tresch<\/td>\n<td style=\"width: 31.7916%;\">SK Frankenthal<\/td>\n<td style=\"width: 12.2916%;\">6<\/td>\n<\/tr>\n<tr>\n<td style=\"width: 10.4583%;\">8<\/td>\n<td style=\"width: 29.9583%;\">Harald R\u00f6lle<\/td>\n<td style=\"width: 31.7916%;\">vereinslos<\/td>\n<td style=\"width: 12.2916%;\">2<\/td>\n<\/tr>\n<tr>\n<td style=\"width: 10.4583%;\">9<\/td>\n<td style=\"width: 29.9583%;\">Thomas Yi<\/td>\n<td style=\"width: 31.7916%;\">SG Kaiserslautern<\/td>\n<td style=\"width: 12.2916%;\">0<\/td>\n<\/tr>\n<\/tbody>\n<\/table>\n","protected":false},"excerpt":{"rendered":"<p>Es ist ins nach \u00fcber zwei Jahren Wartezeit mal wieder gelungen, ein Monatsblitzturnier zu organisieren. Turnierleiter war Michael Diesenhof. Es nahmen 9 Spieler teil, so dass zweirundig jeder gegen jeden gespielt wurde. Das n\u00e4chste Monatsblitzturnier ist f\u00fcr den 7. August geplant. Es soll also wieder regelm\u00e4\u00dfig am ersten Dienstag im\u2026<\/p>\n<p class=\"continue-reading-button\"> <a class=\"continue-reading-link\" href=\"https:\/\/www.sgklm.schachix.de\/?page_id=166\">Continue reading<i class=\"crycon-right-dir\"><\/i><\/a><\/p>\n","protected":false},"author":2,"featured_media":0,"parent":0,"menu_order":0,"comment_status":"closed","ping_status":"closed","template":"","meta":{"_uag_custom_page_level_css":"","footnotes":""},"categories":[],"tags":[],"class_list":["post-166","page","type-page","status-publish","hentry"],"uagb_featured_image_src":{"full":false,"thumbnail":false,"medium":false,"medium_large":false,"large":false,"1536x1536":false,"2048x2048":false,"custom":false,"post-thumbnail":false,"header":false,"slider":false,"columns":false},"uagb_author_info":{"display_name":"Helmut H\u00fcrter","author_link":"https:\/\/www.sgklm.schachix.de\/?author=2"},"uagb_comment_info":0,"uagb_excerpt":"Es ist ins nach \u00fcber zwei Jahren Wartezeit mal wieder gelungen, ein Monatsblitzturnier zu organisieren. Turnierleiter war Michael Diesenhof. Es nahmen 9 Spieler teil, so dass zweirundig jeder gegen jeden gespielt wurde. Das n\u00e4chste Monatsblitzturnier ist f\u00fcr den 7. August geplant. Es soll also wieder regelm\u00e4\u00dfig am ersten Dienstag im\u2026 Continue reading","_links":{"self":[{"href":"https:\/\/www.sgklm.schachix.de\/index.php?rest_route=\/wp\/v2\/pages\/166","targetHints":{"allow":["GET"]}}],"collection":[{"href":"https:\/\/www.sgklm.schachix.de\/index.php?rest_route=\/wp\/v2\/pages"}],"about":[{"href":"https:\/\/www.sgklm.schachix.de\/index.php?rest_route=\/wp\/v2\/types\/page"}],"author":[{"embeddable":true,"href":"https:\/\/www.sgklm.schachix.de\/index.php?rest_route=\/wp\/v2\/users\/2"}],"replies":[{"embeddable":true,"href":"https:\/\/www.sgklm.schachix.de\/index.php?rest_route=%2Fwp%2Fv2%2Fcomments&post=166"}],"version-history":[{"count":2,"href":"https:\/\/www.sgklm.schachix.de\/index.php?rest_route=\/wp\/v2\/pages\/166\/revisions"}],"predecessor-version":[{"id":363,"href":"https:\/\/www.sgklm.schachix.de\/index.php?rest_route=\/wp\/v2\/pages\/166\/revisions\/363"}],"wp:attachment":[{"href":"https:\/\/www.sgklm.schachix.de\/index.php?rest_route=%2Fwp%2Fv2%2Fmedia&parent=166"}],"wp:term":[{"taxonomy":"category","embeddable":true,"href":"https:\/\/www.sgklm.schachix.de\/index.php?rest_route=%2Fwp%2Fv2%2Fcategories&post=166"},{"taxonomy":"post_tag","embeddable":true,"href":"https:\/\/www.sgklm.schachix.de\/index.php?rest_route=%2Fwp%2Fv2%2Ftags&post=166"}],"curies":[{"name":"wp","href":"https:\/\/api.w.org\/{rel}","templated":true}]}}