{"id":1954,"date":"2024-10-23T08:55:19","date_gmt":"2024-10-23T08:55:19","guid":{"rendered":"https:\/\/www.sgklm.schachix.de\/?page_id=1954"},"modified":"2025-04-01T11:49:47","modified_gmt":"2025-04-01T11:49:47","slug":"loesungen-2","status":"publish","type":"page","link":"https:\/\/www.sgklm.schachix.de\/?page_id=1954","title":{"rendered":"L\u00f6sungen"},"content":{"rendered":"\n<h3 class=\"wp-block-heading\">L\u00f6sung zum Partieende<\/h3>\n\n\n\n<p>&#8230; Th1 2. Tg6 fxg 3. Sg4#<br>Mein Gegner lie\u00df sich netterweise mattsetzen.<\/p>\n\n\n\n<h4 class=\"wp-block-heading\">L\u00f6sung der Studie von Rinck<\/h4>\n\n\n\n<p>a7 Lg2 d5 Td2 Ld5. Kurz und wunderh\u00fcbsch.<\/p>\n\n\n\n<p>L\u00f6sung zur Stellung aus dem Mannschaftskampf am 16.2.2025:<br><br>Dd8? 2. De4! (droht rechts (Th7) und links) Sf6 3. Dxc6 (damit hatte ich schon l\u00e4nger gelieb\u00e4ugelt) <br>und Schwarz kann aufgeben. Er ist machtlos gegen die Monsterpaare Ld6\/Lf3 und c5\/d4.<\/p>\n\n\n\n<figure class=\"wp-block-image size-full\"><img loading=\"lazy\" decoding=\"async\" width=\"737\" height=\"796\" src=\"https:\/\/www.sgklm.schachix.de\/wp-content\/uploads\/2025\/02\/2025-02-16-22_25_51-Partien-\u2022-lichess.org-\u2013-Mozilla-Firefox.jpg\" alt=\"\" class=\"wp-image-2451\" srcset=\"https:\/\/www.sgklm.schachix.de\/wp-content\/uploads\/2025\/02\/2025-02-16-22_25_51-Partien-\u2022-lichess.org-\u2013-Mozilla-Firefox.jpg 737w, https:\/\/www.sgklm.schachix.de\/wp-content\/uploads\/2025\/02\/2025-02-16-22_25_51-Partien-\u2022-lichess.org-\u2013-Mozilla-Firefox-278x300.jpg 278w, https:\/\/www.sgklm.schachix.de\/wp-content\/uploads\/2025\/02\/2025-02-16-22_25_51-Partien-\u2022-lichess.org-\u2013-Mozilla-Firefox-139x150.jpg 139w\" sizes=\"auto, (max-width: 737px) 100vw, 737px\" \/><\/figure>\n\n\n\n<p><strong>Wotawa von 1936:<\/strong><br>Schnell war uns klar, dass man mit c4 und b3 matt setzen k\u00f6nnte, wenn die schwarze Dame nicht helfen k\u00f6nnte.<br>Au\u00dferdem st\u00f6rt der Turm auf c3. Nun ist es schon fast klar:<\/p>\n<p>&nbsp;<\/p>\n<ol>\n<li>Th3 (droht Txh6 mit &#8222;normalem&#8220; Gewinn) gxh<\/li>\n<li>Dh8 Dxh8<\/li>\n<li>c4<\/li>\n<\/ol>\n","protected":false},"excerpt":{"rendered":"<p>L\u00f6sung zum Partieende &#8230; Th1 2. Tg6 fxg 3. Sg4#Mein Gegner lie\u00df sich netterweise mattsetzen. L\u00f6sung der Studie von Rinck a7 Lg2 d5 Td2 Ld5. Kurz und wunderh\u00fcbsch. L\u00f6sung zur Stellung aus dem Mannschaftskampf am 16.2.2025: Dd8? 2. De4! (droht rechts (Th7) und links) Sf6 3. Dxc6 (damit hatte ich\u2026<\/p>\n<p class=\"continue-reading-button\"> <a class=\"continue-reading-link\" href=\"https:\/\/www.sgklm.schachix.de\/?page_id=1954\">Continue reading<i class=\"crycon-right-dir\"><\/i><\/a><\/p>\n","protected":false},"author":2,"featured_media":0,"parent":0,"menu_order":0,"comment_status":"closed","ping_status":"closed","template":"","meta":{"_uag_custom_page_level_css":"","footnotes":""},"categories":[],"tags":[],"class_list":["post-1954","page","type-page","status-publish","hentry"],"uagb_featured_image_src":{"full":false,"thumbnail":false,"medium":false,"medium_large":false,"large":false,"1536x1536":false,"2048x2048":false,"custom":false,"post-thumbnail":false,"header":false,"slider":false,"columns":false},"uagb_author_info":{"display_name":"Helmut H\u00fcrter","author_link":"https:\/\/www.sgklm.schachix.de\/?author=2"},"uagb_comment_info":0,"uagb_excerpt":"L\u00f6sung zum Partieende &#8230; Th1 2. Tg6 fxg 3. Sg4#Mein Gegner lie\u00df sich netterweise mattsetzen. L\u00f6sung der Studie von Rinck a7 Lg2 d5 Td2 Ld5. Kurz und wunderh\u00fcbsch. L\u00f6sung zur Stellung aus dem Mannschaftskampf am 16.2.2025: Dd8? 2. De4! (droht rechts (Th7) und links) Sf6 3. Dxc6 (damit hatte ich\u2026 Continue reading","_links":{"self":[{"href":"https:\/\/www.sgklm.schachix.de\/index.php?rest_route=\/wp\/v2\/pages\/1954","targetHints":{"allow":["GET"]}}],"collection":[{"href":"https:\/\/www.sgklm.schachix.de\/index.php?rest_route=\/wp\/v2\/pages"}],"about":[{"href":"https:\/\/www.sgklm.schachix.de\/index.php?rest_route=\/wp\/v2\/types\/page"}],"author":[{"embeddable":true,"href":"https:\/\/www.sgklm.schachix.de\/index.php?rest_route=\/wp\/v2\/users\/2"}],"replies":[{"embeddable":true,"href":"https:\/\/www.sgklm.schachix.de\/index.php?rest_route=%2Fwp%2Fv2%2Fcomments&post=1954"}],"version-history":[{"count":4,"href":"https:\/\/www.sgklm.schachix.de\/index.php?rest_route=\/wp\/v2\/pages\/1954\/revisions"}],"predecessor-version":[{"id":2604,"href":"https:\/\/www.sgklm.schachix.de\/index.php?rest_route=\/wp\/v2\/pages\/1954\/revisions\/2604"}],"wp:attachment":[{"href":"https:\/\/www.sgklm.schachix.de\/index.php?rest_route=%2Fwp%2Fv2%2Fmedia&parent=1954"}],"wp:term":[{"taxonomy":"category","embeddable":true,"href":"https:\/\/www.sgklm.schachix.de\/index.php?rest_route=%2Fwp%2Fv2%2Fcategories&post=1954"},{"taxonomy":"post_tag","embeddable":true,"href":"https:\/\/www.sgklm.schachix.de\/index.php?rest_route=%2Fwp%2Fv2%2Ftags&post=1954"}],"curies":[{"name":"wp","href":"https:\/\/api.w.org\/{rel}","templated":true}]}}