{"id":2,"date":"2016-05-10T03:48:21","date_gmt":"2016-05-10T03:48:21","guid":{"rendered":"https:\/\/www.sgklm.schachix.de\/?page_id=2"},"modified":"2024-07-18T08:34:08","modified_gmt":"2024-07-18T08:34:08","slug":"sample-page","status":"publish","type":"page","link":"https:\/\/www.sgklm.schachix.de\/?page_id=2","title":{"rendered":"Kontakt"},"content":{"rendered":"<h4>Spiellokal:<\/h4>\n<p>Pariser Stra\u00dfe 23\u00a0 (Hintereingang Bleichstra\u00dfe)<br \/>\n67655 Kaiserslautern<\/p>\n<h4>Spielm\u00f6glichkeiten:<\/h4>\n<p><strong>Jugendtraining<\/strong><br \/>\nMontags 15-17 Uhr Andy: Anf\u00e4nger<\/p>\n<p>Donnerstags 15-17 Uhr Andy: Fortgeschrittene<\/p>\n<p>Freitags 15-17 Uhr: Helmut: Experten<\/p>\n<p>&#8222;<strong>Kaffeeschach<\/strong>&#8222;:<br \/>\nMontags und Donnerstags von 17 bis 19 Uhr.<\/p>\n<p><strong>Kontaktaufnahme per Mail<\/strong>:<br \/>\ninfo_sk_kl_1905@schachix.de<\/p>\n","protected":false},"excerpt":{"rendered":"<p>Spiellokal: Pariser Stra\u00dfe 23\u00a0 (Hintereingang Bleichstra\u00dfe) 67655 Kaiserslautern Spielm\u00f6glichkeiten: Jugendtraining Montags 15-17 Uhr Andy: Anf\u00e4nger Donnerstags 15-17 Uhr Andy: Fortgeschrittene Freitags 15-17 Uhr: Helmut: Experten &#8222;Kaffeeschach&#8222;: Montags und Donnerstags von 17 bis 19 Uhr. Kontaktaufnahme per Mail: info_sk_kl_1905@schachix.de<\/p>\n<p class=\"continue-reading-button\"> <a class=\"continue-reading-link\" href=\"https:\/\/www.sgklm.schachix.de\/?page_id=2\">Continue reading<i class=\"crycon-right-dir\"><\/i><\/a><\/p>\n","protected":false},"author":2,"featured_media":0,"parent":0,"menu_order":0,"comment_status":"closed","ping_status":"open","template":"","meta":{"_uag_custom_page_level_css":"","footnotes":""},"categories":[],"tags":[],"class_list":["post-2","page","type-page","status-publish","hentry"],"uagb_featured_image_src":{"full":false,"thumbnail":false,"medium":false,"medium_large":false,"large":false,"1536x1536":false,"2048x2048":false,"custom":false,"post-thumbnail":false,"header":false,"slider":false,"columns":false},"uagb_author_info":{"display_name":"Helmut H\u00fcrter","author_link":"https:\/\/www.sgklm.schachix.de\/?author=2"},"uagb_comment_info":0,"uagb_excerpt":"Spiellokal: Pariser Stra\u00dfe 23\u00a0 (Hintereingang Bleichstra\u00dfe) 67655 Kaiserslautern Spielm\u00f6glichkeiten: Jugendtraining Montags 15-17 Uhr Andy: Anf\u00e4nger Donnerstags 15-17 Uhr Andy: Fortgeschrittene Freitags 15-17 Uhr: Helmut: Experten &#8222;Kaffeeschach&#8222;: Montags und Donnerstags von 17 bis 19 Uhr. Kontaktaufnahme per Mail: info_sk_kl_1905@schachix.de Continue reading","_links":{"self":[{"href":"https:\/\/www.sgklm.schachix.de\/index.php?rest_route=\/wp\/v2\/pages\/2","targetHints":{"allow":["GET"]}}],"collection":[{"href":"https:\/\/www.sgklm.schachix.de\/index.php?rest_route=\/wp\/v2\/pages"}],"about":[{"href":"https:\/\/www.sgklm.schachix.de\/index.php?rest_route=\/wp\/v2\/types\/page"}],"author":[{"embeddable":true,"href":"https:\/\/www.sgklm.schachix.de\/index.php?rest_route=\/wp\/v2\/users\/2"}],"replies":[{"embeddable":true,"href":"https:\/\/www.sgklm.schachix.de\/index.php?rest_route=%2Fwp%2Fv2%2Fcomments&post=2"}],"version-history":[{"count":17,"href":"https:\/\/www.sgklm.schachix.de\/index.php?rest_route=\/wp\/v2\/pages\/2\/revisions"}],"predecessor-version":[{"id":1808,"href":"https:\/\/www.sgklm.schachix.de\/index.php?rest_route=\/wp\/v2\/pages\/2\/revisions\/1808"}],"wp:attachment":[{"href":"https:\/\/www.sgklm.schachix.de\/index.php?rest_route=%2Fwp%2Fv2%2Fmedia&parent=2"}],"wp:term":[{"taxonomy":"category","embeddable":true,"href":"https:\/\/www.sgklm.schachix.de\/index.php?rest_route=%2Fwp%2Fv2%2Fcategories&post=2"},{"taxonomy":"post_tag","embeddable":true,"href":"https:\/\/www.sgklm.schachix.de\/index.php?rest_route=%2Fwp%2Fv2%2Ftags&post=2"}],"curies":[{"name":"wp","href":"https:\/\/api.w.org\/{rel}","templated":true}]}}