{"id":2002,"date":"2025-01-07T11:04:52","date_gmt":"2025-01-07T11:04:52","guid":{"rendered":"https:\/\/www.sgklm.schachix.de\/?page_id=2002"},"modified":"2025-01-13T19:40:38","modified_gmt":"2025-01-13T19:40:38","slug":"ergebnisse-unserer-jugendlichen","status":"publish","type":"page","link":"https:\/\/www.sgklm.schachix.de\/?page_id=2002","title":{"rendered":"Ergebnisse unserer Jugendlichen"},"content":{"rendered":"\n<h4 class=\"wp-block-heading\">Vizemeister bei der Pfalzmeisterschaft 2025<\/h4>\n\n\n\n<p>Kevin ist tats\u00e4chlich Zweiter geworden in U14 und hat 116! DWZ-Punkte dazu gewonnen. Gratuliere und weiter so!<br>Ein vergleichbares Kunstst\u00fcck ist Rajit in U16 gelungen. Auch er hat den Vizemeistertitel erworben.<\/p>\n\n\n\n<h4 class=\"wp-block-heading\">DVM 2025 U14 <\/h4>\n\n\n\n<p><strong>In der DVM U14 hat die Mannschaft des SK Kaiserslautern den 4. Platz geschafft.<\/strong>&nbsp;Das Gute daran, bis einschlie\u00dflich 4. Platz gab es Pokale, unsere U14 geh\u00f6rt damit zu den Siegern. F\u00fcr die Jungs war das Ergebnis kurz nach Ende des Turniers trotzdem etwas entt\u00e4uschend, denn sie spielten \u2013 nicht ganz unerwartet \u2013 lange um den Titel mit (bis zur 5. Runde) und hatten in der letzten Runde den 3. Platz zum Greifen nahe.<br>Keine Mannschaft war ihnen \u00fcberlegen, das Turnier war auf den vorderen Pl\u00e4tzen sehr ausgeglichen. In der ersten Runde siegten sie gegen den Gastgeber Walldorf mit 4:0, wobei das Ergebnis in der H\u00f6he f\u00fcr uns etwas schmeichelhaft war, da Walldorf an zwei Brettern lange einen deutlichen Vorteil hatte. Im Endspiel setzten sich dann aber unsere Spieler durch und drehten noch beide Partien.<br>In der zweiten Runde setzte es die einzige Niederlage des Turniers und das v\u00f6llig unn\u00f6tig, n\u00e4mlich gegen einen nominell knapp schw\u00e4chere gegnerische Mannschaft aus Kelheim. Unser Brett 2 verlor gegen einen nominell deutlich schw\u00e4cheren Spieler und an Brett 3 sah unser Spieler nicht die Zugfolge zum Sieg. So mu\u00dfte unser Spieler an Brett 1 beim Zwischenstand von 1:2 f\u00fcr den Gegner eine eigentlich klar auf Remis stehende Partie weiterspielen und durch ein Figurenopfer die Remisstellung aufl\u00f6sen, um zu versuchen doch noch zu gewinnen, damit die Runde zumindest 2:2 enden w\u00fcrde. Das war h\u00f6chstriskant und ging auch \u2013 wie fast zu erwarten war \u2013 in die Hose. Die Partie ging somit verloren und das Spiel gegen Kelheim endete 1:3. Die Runden 3 und 4 konnten wir jedoch gegen starke Gegner wieder gewinnen, wodurch wir im Rennen um den Titel blieben.<br>In Runde 5 ging es dann gegen die nominell st\u00e4rkste sowie in dieser Runde f\u00fchrende Mannschaft und den sp\u00e4teren Turniersieger, n\u00e4mlich den SV Erkenschwick 1923. Nach Beendigung der Partien an den Brettern 1, 3 und 4 stand des 1,5:0,5 f\u00fcr uns. An Brett 2 hatten wir eine deutlich bessere Stellung auf dem Brett, die man zum Gewinn h\u00e4tte weiterspielen k\u00f6nnen, wenn man den Weg dazu erkennt. Zu unserer aller \u00dcberraschung bot unser Spieler aber dem Gegner ein Remis an, das letzterer dankend annahm. Damit war der Sieg gegen Erkenschwick weg und diese Runde endete f\u00fcr uns \u201enur\u201c 2:2.<br>Somit \u00fcbernahm der SG Porz die F\u00fchrung in der Tabelle, der auch unser Gegner f\u00fcr die 6. Runde war. Nachdem die Partien an Brett 3 und Brett 1 remis endeten, konnte die Partie an Brett 2 wegen Zeitablauf beim Gegner etwas gl\u00fccklich gewonnen werden. Leider ging dann in Folge die Partie an Brett 2 verloren, so dass auch diese Runde mit 2:2 endete. Damit lagen wir nach Ende der 6. Runde auf Platz 3.<br><br>In der letzten Runde spielten wir gegen N\u00fcrnberg, die an Brett 1 mit dem mit Abstand st\u00e4rksten Spieler des Turniers antraten. N\u00fcrnbergs Spieler an Brett 4 erkrankte kurzfristig, so da\u00df die Partie an Brett 4 kampflos zu unseren Gunsten gewertet wurde. Die Partie an Brett 3 wurde von unserem Spieler gewonnen, so da\u00df wir 2:0 f\u00fchrten. Leider verlor unser Spieler an Brett 2 gegen einen nominell deutlich schw\u00e4cheren Spieler, so dass alles vom Ergebnis an Brett 1 abhing. Unser Spieler an Brett 1 k\u00e4mpfte und spielte fast 5 Stunden nahezu fehlerfrei, so dass der gegnerische Spieler trotz nominell deutlicher \u00dcberlegenheit sich keinen gewinnbringenden Vorteil herausspielen konnte. Leider geriet unser Brett 1 dann in Zeitnot und mu\u00dfte schnell ziehen, um nicht durch Zeitablauf zu verlieren. Dabei unterlief ihm in der Hektik ein schwacher Zug, den der Gegner sofort zum Sieg nutzte. Damit endete die Runde f\u00fcr uns wieder nur 2:2, womit der 3. Platz f\u00fcr uns weg war und wir auf den 4. Platz abrutschten.<br>L\u00e4\u00dft man die Umst\u00e4nde des Turnierverlaufs au\u00dfer Betracht, ist der 4. Platz bei einer deutschen Meisterschaft f\u00fcr den Verein nat\u00fcrlich ein tolles Ergebnis, \u00fcbrigens das gleiche Ergebnis, das die Mannschaft vor zwei Jahren damals in der U12 erreichte. Es ist vermutlich eines der (oder sogar das?) besten Ergebnisse, das eine pf\u00e4lzische Schachjugendmannschaft bei einer deutschen Vereinsmeisterschaft jemals erzielt hat. Im Unterschied von vor zwei Jahren geh\u00f6rten wir jedoch in diesem Jahr zum engeren Favoritenkreis, weshalb die Erwartungen hoch waren. Mit etwas Abstand zum Turnierende sind wir jedoch mit dem Ergebnis zufrieden, k\u00f6nnen uns dar\u00fcber freuen und sind auf unsere Jungs stolz, erst recht wenn man ber\u00fccksichtigt, dass wir nach dem Turniersieger Erkenschwick das schwerste Programm an Gegnern hatten, was man an unserer zweith\u00f6chsten Zweitwertung aller Teilnehmer ablesen kann. Man mu\u00df sich als vergleichsweise eher kleiner Verein auch immer wieder vor Augen halten, da\u00df wir somit bereits zum zweiten Mal zu den vier besten Jugendmannschaften Deutschlands in einer Altersklasse geh\u00f6ren. Ganz erheblichen Anteil daran haben auch unsere Trainer Helmut H\u00fcrter, Andy Sievers und vor allem Dr. Walter Arne, der die Mannschaft bei der DVM auf jede Runde schachlich vorbereitete und zusammen mit J\u00fcrgen Klein in Heidelberg vor Ort war.<br>Turnierseite:&nbsp;<a href=\"https:\/\/www.deutsche-schachjugend.de\/2024\/dvm-u14\/\">https:\/\/www.deutsche-schachjugend.de\/2024\/dvm-u14\/<\/a><\/p>\n\n\n\n<p>Levent, Peter, Jonas und Deniz vor dem Spiel gegen Kornwestheim<\/p>\n\n\n\n<figure class=\"wp-block-image\"><img loading=\"lazy\" decoding=\"async\" width=\"1024\" height=\"771\" src=\"https:\/\/www.sgklm.schachix.de\/wp-content\/uploads\/2025\/01\/PXL_20241228_132903614-1024x771.jpg\" alt=\"\" class=\"wp-image-1997\" srcset=\"https:\/\/www.sgklm.schachix.de\/wp-content\/uploads\/2025\/01\/PXL_20241228_132903614-1024x771.jpg 1024w, https:\/\/www.sgklm.schachix.de\/wp-content\/uploads\/2025\/01\/PXL_20241228_132903614-300x226.jpg 300w, https:\/\/www.sgklm.schachix.de\/wp-content\/uploads\/2025\/01\/PXL_20241228_132903614-768x578.jpg 768w, https:\/\/www.sgklm.schachix.de\/wp-content\/uploads\/2025\/01\/PXL_20241228_132903614-1536x1157.jpg 1536w, https:\/\/www.sgklm.schachix.de\/wp-content\/uploads\/2025\/01\/PXL_20241228_132903614-2048x1542.jpg 2048w, https:\/\/www.sgklm.schachix.de\/wp-content\/uploads\/2025\/01\/PXL_20241228_132903614-150x113.jpg 150w\" sizes=\"auto, (max-width: 1024px) 100vw, 1024px\" \/><\/figure>\n","protected":false},"excerpt":{"rendered":"<p>Vizemeister bei der Pfalzmeisterschaft 2025 Kevin ist tats\u00e4chlich Zweiter geworden in U14 und hat 116! DWZ-Punkte dazu gewonnen. Gratuliere und weiter so!Ein vergleichbares Kunstst\u00fcck ist Rajit in U16 gelungen. Auch er hat den Vizemeistertitel erworben. DVM 2025 U14 In der DVM U14 hat die Mannschaft des SK Kaiserslautern den 4.\u2026<\/p>\n<p class=\"continue-reading-button\"> <a class=\"continue-reading-link\" href=\"https:\/\/www.sgklm.schachix.de\/?page_id=2002\">Continue reading<i class=\"crycon-right-dir\"><\/i><\/a><\/p>\n","protected":false},"author":2,"featured_media":0,"parent":0,"menu_order":0,"comment_status":"closed","ping_status":"closed","template":"","meta":{"_uag_custom_page_level_css":"","footnotes":""},"categories":[],"tags":[],"class_list":["post-2002","page","type-page","status-publish","hentry"],"uagb_featured_image_src":{"full":false,"thumbnail":false,"medium":false,"medium_large":false,"large":false,"1536x1536":false,"2048x2048":false,"custom":false,"post-thumbnail":false,"header":false,"slider":false,"columns":false},"uagb_author_info":{"display_name":"Helmut H\u00fcrter","author_link":"https:\/\/www.sgklm.schachix.de\/?author=2"},"uagb_comment_info":0,"uagb_excerpt":"Vizemeister bei der Pfalzmeisterschaft 2025 Kevin ist tats\u00e4chlich Zweiter geworden in U14 und hat 116! DWZ-Punkte dazu gewonnen. Gratuliere und weiter so!Ein vergleichbares Kunstst\u00fcck ist Rajit in U16 gelungen. Auch er hat den Vizemeistertitel erworben. DVM 2025 U14 In der DVM U14 hat die Mannschaft des SK Kaiserslautern den 4.\u2026 Continue reading","_links":{"self":[{"href":"https:\/\/www.sgklm.schachix.de\/index.php?rest_route=\/wp\/v2\/pages\/2002","targetHints":{"allow":["GET"]}}],"collection":[{"href":"https:\/\/www.sgklm.schachix.de\/index.php?rest_route=\/wp\/v2\/pages"}],"about":[{"href":"https:\/\/www.sgklm.schachix.de\/index.php?rest_route=\/wp\/v2\/types\/page"}],"author":[{"embeddable":true,"href":"https:\/\/www.sgklm.schachix.de\/index.php?rest_route=\/wp\/v2\/users\/2"}],"replies":[{"embeddable":true,"href":"https:\/\/www.sgklm.schachix.de\/index.php?rest_route=%2Fwp%2Fv2%2Fcomments&post=2002"}],"version-history":[{"count":7,"href":"https:\/\/www.sgklm.schachix.de\/index.php?rest_route=\/wp\/v2\/pages\/2002\/revisions"}],"predecessor-version":[{"id":2161,"href":"https:\/\/www.sgklm.schachix.de\/index.php?rest_route=\/wp\/v2\/pages\/2002\/revisions\/2161"}],"wp:attachment":[{"href":"https:\/\/www.sgklm.schachix.de\/index.php?rest_route=%2Fwp%2Fv2%2Fmedia&parent=2002"}],"wp:term":[{"taxonomy":"category","embeddable":true,"href":"https:\/\/www.sgklm.schachix.de\/index.php?rest_route=%2Fwp%2Fv2%2Fcategories&post=2002"},{"taxonomy":"post_tag","embeddable":true,"href":"https:\/\/www.sgklm.schachix.de\/index.php?rest_route=%2Fwp%2Fv2%2Ftags&post=2002"}],"curies":[{"name":"wp","href":"https:\/\/api.w.org\/{rel}","templated":true}]}}