{"id":2030,"date":"2025-01-08T17:39:33","date_gmt":"2025-01-08T17:39:33","guid":{"rendered":"https:\/\/www.sgklm.schachix.de\/?page_id=2030"},"modified":"2025-01-08T17:55:33","modified_gmt":"2025-01-08T17:55:33","slug":"aus-dem-jugendtraining-2","status":"publish","type":"page","link":"https:\/\/www.sgklm.schachix.de\/?page_id=2030","title":{"rendered":"Aus dem Jugendtraining von Helmut"},"content":{"rendered":"\n<h4 class=\"wp-block-heading\">Aus dem Training vom 08.01.2025:<\/h4>\n\n\n\n<p>Aufgaben zum Thema Endspiele:<\/p>\n\n\n\n<figure class=\"wp-block-image size-full\"><img loading=\"lazy\" decoding=\"async\" width=\"889\" height=\"275\" src=\"https:\/\/www.sgklm.schachix.de\/wp-content\/uploads\/2025\/01\/image.png\" alt=\"\" class=\"wp-image-2031\" srcset=\"https:\/\/www.sgklm.schachix.de\/wp-content\/uploads\/2025\/01\/image.png 889w, https:\/\/www.sgklm.schachix.de\/wp-content\/uploads\/2025\/01\/image-300x93.png 300w, https:\/\/www.sgklm.schachix.de\/wp-content\/uploads\/2025\/01\/image-768x238.png 768w, https:\/\/www.sgklm.schachix.de\/wp-content\/uploads\/2025\/01\/image-150x46.png 150w\" sizes=\"auto, (max-width: 889px) 100vw, 889px\" \/><\/figure>\n\n\n\n<p>Beide Aufgaben sollten &#8222;im Kopf&#8220; vollst\u00e4ndig gel\u00f6st werden. Deniz, Levent und Helmut l\u00f6sten die beiden Aufgaben in jeweils ca. 5 Minuten.<\/p>\n\n\n\n<h4 class=\"wp-block-heading\">Trainingskopzept:<\/h4>\n\n\n\n<p>Zur Information: Meine Trainings beinhalten nat\u00fcrlich die drei grundlegenden Phasen des Schachspiels: Er\u00f6ffnung, Mittelspiel und Endspiel.<\/p>\n\n\n\n<p>Dabei habe ich im letzten Jahr folgende Konzepte verfolgt:<\/p>\n\n\n\n<ul class=\"wp-block-list\">\n<li><strong>Er\u00f6ffnung<\/strong>: Hier gehe ich auf W\u00fcnsche von Spielern ein (z.B. Najdorf-Variante im Sizilianer), studiere Er\u00f6ffnungen auf der Basis von eigenen Partien (der Sch\u00fcler oder von mir selbst) oder versuche, allgemeine Tipps f\u00fcr Er\u00f6ffnungen zu geben (z.B. Nimzo-Indisch).<\/li>\n\n\n\n<li><strong>Mittelspiel<\/strong>: Hier haben wir nach und nach Band 1 der Trainingshandb\u00fccher von Dvoretzky durchgearbeitet, zuletzt dann Band 4 mit der Kunst des Man\u00f6vrierens. Ein weiterer Schwerpunkt war die strategische Planung der Spielm\u00f6glichkeiten aus einer Er\u00f6ffnung heraus.<\/li>\n\n\n\n<li><strong>Endspiel<\/strong>: Wir haben das gesamte Endspielbuch von Karsten M\u00fcller durchgearbeitet und dabei alle wichtigen Endspiele behandelt (auch Bauern- und Turmenspiele, auch wenn das einige vergessen zu haben scheinen).<\/li>\n<\/ul>\n","protected":false},"excerpt":{"rendered":"<p>Aus dem Training vom 08.01.2025: Aufgaben zum Thema Endspiele: Beide Aufgaben sollten &#8222;im Kopf&#8220; vollst\u00e4ndig gel\u00f6st werden. Deniz, Levent und Helmut l\u00f6sten die beiden Aufgaben in jeweils ca. 5 Minuten. Trainingskopzept: Zur Information: Meine Trainings beinhalten nat\u00fcrlich die drei grundlegenden Phasen des Schachspiels: Er\u00f6ffnung, Mittelspiel und Endspiel. Dabei habe ich\u2026<\/p>\n<p class=\"continue-reading-button\"> <a class=\"continue-reading-link\" href=\"https:\/\/www.sgklm.schachix.de\/?page_id=2030\">Continue reading<i class=\"crycon-right-dir\"><\/i><\/a><\/p>\n","protected":false},"author":2,"featured_media":0,"parent":0,"menu_order":0,"comment_status":"closed","ping_status":"closed","template":"","meta":{"_uag_custom_page_level_css":"","footnotes":""},"categories":[],"tags":[],"class_list":["post-2030","page","type-page","status-publish","hentry"],"uagb_featured_image_src":{"full":false,"thumbnail":false,"medium":false,"medium_large":false,"large":false,"1536x1536":false,"2048x2048":false,"custom":false,"post-thumbnail":false,"header":false,"slider":false,"columns":false},"uagb_author_info":{"display_name":"Helmut H\u00fcrter","author_link":"https:\/\/www.sgklm.schachix.de\/?author=2"},"uagb_comment_info":0,"uagb_excerpt":"Aus dem Training vom 08.01.2025: Aufgaben zum Thema Endspiele: Beide Aufgaben sollten &#8222;im Kopf&#8220; vollst\u00e4ndig gel\u00f6st werden. Deniz, Levent und Helmut l\u00f6sten die beiden Aufgaben in jeweils ca. 5 Minuten. Trainingskopzept: Zur Information: Meine Trainings beinhalten nat\u00fcrlich die drei grundlegenden Phasen des Schachspiels: Er\u00f6ffnung, Mittelspiel und Endspiel. Dabei habe ich\u2026 Continue reading","_links":{"self":[{"href":"https:\/\/www.sgklm.schachix.de\/index.php?rest_route=\/wp\/v2\/pages\/2030","targetHints":{"allow":["GET"]}}],"collection":[{"href":"https:\/\/www.sgklm.schachix.de\/index.php?rest_route=\/wp\/v2\/pages"}],"about":[{"href":"https:\/\/www.sgklm.schachix.de\/index.php?rest_route=\/wp\/v2\/types\/page"}],"author":[{"embeddable":true,"href":"https:\/\/www.sgklm.schachix.de\/index.php?rest_route=\/wp\/v2\/users\/2"}],"replies":[{"embeddable":true,"href":"https:\/\/www.sgklm.schachix.de\/index.php?rest_route=%2Fwp%2Fv2%2Fcomments&post=2030"}],"version-history":[{"count":4,"href":"https:\/\/www.sgklm.schachix.de\/index.php?rest_route=\/wp\/v2\/pages\/2030\/revisions"}],"predecessor-version":[{"id":2037,"href":"https:\/\/www.sgklm.schachix.de\/index.php?rest_route=\/wp\/v2\/pages\/2030\/revisions\/2037"}],"wp:attachment":[{"href":"https:\/\/www.sgklm.schachix.de\/index.php?rest_route=%2Fwp%2Fv2%2Fmedia&parent=2030"}],"wp:term":[{"taxonomy":"category","embeddable":true,"href":"https:\/\/www.sgklm.schachix.de\/index.php?rest_route=%2Fwp%2Fv2%2Fcategories&post=2030"},{"taxonomy":"post_tag","embeddable":true,"href":"https:\/\/www.sgklm.schachix.de\/index.php?rest_route=%2Fwp%2Fv2%2Ftags&post=2030"}],"curies":[{"name":"wp","href":"https:\/\/api.w.org\/{rel}","templated":true}]}}