{"id":2392,"date":"2025-01-30T18:46:48","date_gmt":"2025-01-30T18:46:48","guid":{"rendered":"https:\/\/www.sgklm.schachix.de\/?page_id=2392"},"modified":"2025-02-16T20:58:22","modified_gmt":"2025-02-16T20:58:22","slug":"psb-schnellschachturnier-2025-in-kaiserslautern","status":"publish","type":"page","link":"https:\/\/www.sgklm.schachix.de\/?page_id=2392","title":{"rendered":"PSB Schnellschachturnier 2025 in Kaiserslautern"},"content":{"rendered":"\n<p><a href=\"http:\/\/(https:\/\/chess-results.com\/tnr1041392.aspx?lan=0&amp;art=0)\">https:\/\/chess-results.com\/tnr1041392.aspx?lan=0&amp;art=0<\/a> : Link zu den Ergebnissen.<\/p>\n\n\n\n<p>Preistr\u00e4ger des Turniers. F\u00fcnfter von links der Sieger Oleg.<\/p>\n\n\n\n<figure class=\"wp-block-image size-large\"><img loading=\"lazy\" decoding=\"async\" width=\"1024\" height=\"576\" src=\"https:\/\/www.sgklm.schachix.de\/wp-content\/uploads\/2025\/02\/Schnellschachturnier_15.2.25c-1024x576.jpg\" alt=\"\" class=\"wp-image-2447\" srcset=\"https:\/\/www.sgklm.schachix.de\/wp-content\/uploads\/2025\/02\/Schnellschachturnier_15.2.25c-1024x576.jpg 1024w, https:\/\/www.sgklm.schachix.de\/wp-content\/uploads\/2025\/02\/Schnellschachturnier_15.2.25c-300x169.jpg 300w, https:\/\/www.sgklm.schachix.de\/wp-content\/uploads\/2025\/02\/Schnellschachturnier_15.2.25c-768x432.jpg 768w, https:\/\/www.sgklm.schachix.de\/wp-content\/uploads\/2025\/02\/Schnellschachturnier_15.2.25c-1536x864.jpg 1536w, https:\/\/www.sgklm.schachix.de\/wp-content\/uploads\/2025\/02\/Schnellschachturnier_15.2.25c-2048x1152.jpg 2048w, https:\/\/www.sgklm.schachix.de\/wp-content\/uploads\/2025\/02\/Schnellschachturnier_15.2.25c-150x84.jpg 150w\" sizes=\"auto, (max-width: 1024px) 100vw, 1024px\" \/><\/figure>\n\n\n\n<ul>\n<li>Termin: Samstag, 15.02.2025<\/li>\n<li>Ort: Burggymnasium Kaiserslautern, Burgstra\u00dfe 18, 67659 Kaiserslautern<\/li>\n<li>Beginn: 14 Uhr<\/li>\n<li>Anmeldeschluss: 13.30 Uhr<\/li>\n<li>Bedenkzeit: 15 min plus 5 Sekunden Inkrement bei jedem Zug<\/li>\n<li>7 Runden Schweizer System<\/li>\n<\/ul>\n","protected":false},"excerpt":{"rendered":"<p>https:\/\/chess-results.com\/tnr1041392.aspx?lan=0&amp;art=0 : Link zu den Ergebnissen. Preistr\u00e4ger des Turniers. F\u00fcnfter von links der Sieger Oleg. Termin: Samstag, 15.02.2025 Ort: Burggymnasium Kaiserslautern, Burgstra\u00dfe 18, 67659 Kaiserslautern Beginn: 14 Uhr Anmeldeschluss: 13.30 Uhr Bedenkzeit: 15 min plus 5 Sekunden Inkrement bei jedem Zug 7 Runden Schweizer System<\/p>\n<p class=\"continue-reading-button\"> <a class=\"continue-reading-link\" href=\"https:\/\/www.sgklm.schachix.de\/?page_id=2392\">Continue reading<i class=\"crycon-right-dir\"><\/i><\/a><\/p>\n","protected":false},"author":2,"featured_media":0,"parent":0,"menu_order":0,"comment_status":"closed","ping_status":"closed","template":"","meta":{"_uag_custom_page_level_css":"","footnotes":""},"categories":[],"tags":[],"class_list":["post-2392","page","type-page","status-publish","hentry"],"uagb_featured_image_src":{"full":false,"thumbnail":false,"medium":false,"medium_large":false,"large":false,"1536x1536":false,"2048x2048":false,"custom":false,"post-thumbnail":false,"header":false,"slider":false,"columns":false},"uagb_author_info":{"display_name":"Helmut H\u00fcrter","author_link":"https:\/\/www.sgklm.schachix.de\/?author=2"},"uagb_comment_info":0,"uagb_excerpt":"https:\/\/chess-results.com\/tnr1041392.aspx?lan=0&amp;art=0 : Link zu den Ergebnissen. Preistr\u00e4ger des Turniers. F\u00fcnfter von links der Sieger Oleg. Termin: Samstag, 15.02.2025 Ort: Burggymnasium Kaiserslautern, Burgstra\u00dfe 18, 67659 Kaiserslautern Beginn: 14 Uhr Anmeldeschluss: 13.30 Uhr Bedenkzeit: 15 min plus 5 Sekunden Inkrement bei jedem Zug 7 Runden Schweizer System Continue reading","_links":{"self":[{"href":"https:\/\/www.sgklm.schachix.de\/index.php?rest_route=\/wp\/v2\/pages\/2392","targetHints":{"allow":["GET"]}}],"collection":[{"href":"https:\/\/www.sgklm.schachix.de\/index.php?rest_route=\/wp\/v2\/pages"}],"about":[{"href":"https:\/\/www.sgklm.schachix.de\/index.php?rest_route=\/wp\/v2\/types\/page"}],"author":[{"embeddable":true,"href":"https:\/\/www.sgklm.schachix.de\/index.php?rest_route=\/wp\/v2\/users\/2"}],"replies":[{"embeddable":true,"href":"https:\/\/www.sgklm.schachix.de\/index.php?rest_route=%2Fwp%2Fv2%2Fcomments&post=2392"}],"version-history":[{"count":3,"href":"https:\/\/www.sgklm.schachix.de\/index.php?rest_route=\/wp\/v2\/pages\/2392\/revisions"}],"predecessor-version":[{"id":2448,"href":"https:\/\/www.sgklm.schachix.de\/index.php?rest_route=\/wp\/v2\/pages\/2392\/revisions\/2448"}],"wp:attachment":[{"href":"https:\/\/www.sgklm.schachix.de\/index.php?rest_route=%2Fwp%2Fv2%2Fmedia&parent=2392"}],"wp:term":[{"taxonomy":"category","embeddable":true,"href":"https:\/\/www.sgklm.schachix.de\/index.php?rest_route=%2Fwp%2Fv2%2Fcategories&post=2392"},{"taxonomy":"post_tag","embeddable":true,"href":"https:\/\/www.sgklm.schachix.de\/index.php?rest_route=%2Fwp%2Fv2%2Ftags&post=2392"}],"curies":[{"name":"wp","href":"https:\/\/api.w.org\/{rel}","templated":true}]}}