{"id":320,"date":"2018-11-06T09:03:15","date_gmt":"2018-11-06T09:03:15","guid":{"rendered":"https:\/\/www.sgklm.schachix.de\/?page_id=320"},"modified":"2018-11-06T09:03:59","modified_gmt":"2018-11-06T09:03:59","slug":"bezirksschnellschachmeisterschaft-2018","status":"publish","type":"page","link":"https:\/\/www.sgklm.schachix.de\/?page_id=320","title":{"rendered":"Bezirksschnellschachmeisterschaft 2018"},"content":{"rendered":"<p><strong><u>Kaiserslauterer Erfolge bei der Bezirks-Schnellschachmeisterschaft<\/u><\/strong><\/p>\n<p>&nbsp;<\/p>\n<p>Wie jedes Jahr fand auch 2018 wieder am 01.November die Bezirks-Schnellschachmeisterschaft traditionell in der Bischoff-Brauerei in Winnweiler statt.<\/p>\n<p>&nbsp;<\/p>\n<p>Das Feld bestand aus 46 Teilnehmern, die Setzliste anf\u00fchrend und Favoriten auf den Turniersieg waren FM Ingo Bruch (Winnweiler) und Oleg Yakovenko (Niederkirchen).<\/p>\n<p>Von der SG Kaiserslautern 1905 waren mit Philipp R\u00f6lle, Michael Diesenhof und Matthias Huschens drei Spieler aus der ersten Mannschaft mit von der Partie.<\/p>\n<p>&nbsp;<\/p>\n<p>Nach 7 Runden stand dann ein \u00dcberraschungssieger fest: Matthias Huschens gewann das Turnier nach einem gl\u00fccklichen Sieg gegen Philipp R\u00f6lle mit 6\/7 dank besserer Zweitwertung vor Ingo Bruch.<\/p>\n<p>Damit gab es einen Kaiserslauterer Sieg bei der Bezirks-Schnellschachmeisterschaft!<\/p>\n<p>Michael Diesenhof zeigte eine sehr starke Leistung und landete mit 5,5\/7 hinter Bruch und vor Oleg Yakovenko auf dem 3.Platz.<\/p>\n<p>Philipp R\u00f6lle landete mit 4,5\/7 in der Endabrechnung auf dem 7.Platz.<\/p>\n<p>&nbsp;<\/p>\n<p>Wie jedes Jahr ein sch\u00f6nes Turnier und dieses Jahr aus Kaiserslauterer Sicht auch noch ein erfolgreiches Turnier!<\/p>\n<p>&nbsp;<\/p>\n<table>\n<tbody>\n<tr>\n<td><\/td>\n<td><\/td>\n<td><\/td>\n<td><\/td>\n<td><\/td>\n<td><\/td>\n<td><\/td>\n<\/tr>\n<tr>\n<td><\/td>\n<td><\/td>\n<td><\/td>\n<td><\/td>\n<td><\/td>\n<td><\/td>\n<td><\/td>\n<\/tr>\n<tr>\n<td><\/td>\n<td><\/td>\n<td><\/td>\n<td><\/td>\n<td><\/td>\n<td><\/td>\n<td><\/td>\n<\/tr>\n<tr>\n<td><\/td>\n<td><\/td>\n<td><\/td>\n<td><\/td>\n<td><\/td>\n<td><\/td>\n<td><\/td>\n<\/tr>\n<tr>\n<td><\/td>\n<td><\/td>\n<td><\/td>\n<td><\/td>\n<td><\/td>\n<td><\/td>\n<td><\/td>\n<\/tr>\n<tr>\n<td><\/td>\n<td><\/td>\n<td><\/td>\n<td><\/td>\n<td><\/td>\n<td><\/td>\n<td><\/td>\n<\/tr>\n<tr>\n<td><\/td>\n<td><\/td>\n<td><\/td>\n<td><\/td>\n<td><\/td>\n<td><\/td>\n<td><\/td>\n<\/tr>\n<tr>\n<td><\/td>\n<td><\/td>\n<td><\/td>\n<td><\/td>\n<td><\/td>\n<td><\/td>\n<td><\/td>\n<\/tr>\n<tr>\n<td><\/td>\n<td><\/td>\n<td><\/td>\n<td><\/td>\n<td><\/td>\n<td><\/td>\n<td><\/td>\n<\/tr>\n<tr>\n<td><\/td>\n<td><\/td>\n<td><\/td>\n<td><\/td>\n<td><\/td>\n<td><\/td>\n<td><\/td>\n<\/tr>\n<tr>\n<td><\/td>\n<td><\/td>\n<td><\/td>\n<td><\/td>\n<td><\/td>\n<td><\/td>\n<td><\/td>\n<\/tr>\n<tr>\n<td><\/td>\n<td><\/td>\n<td><\/td>\n<td><\/td>\n<td><\/td>\n<td><\/td>\n<td><\/td>\n<\/tr>\n<tr>\n<td><\/td>\n<td><\/td>\n<td><\/td>\n<td><\/td>\n<td><\/td>\n<td><\/td>\n<td><\/td>\n<\/tr>\n<\/tbody>\n<\/table>\n<p>&nbsp;<\/p>\n","protected":false},"excerpt":{"rendered":"<p>Kaiserslauterer Erfolge bei der Bezirks-Schnellschachmeisterschaft &nbsp; Wie jedes Jahr fand auch 2018 wieder am 01.November die Bezirks-Schnellschachmeisterschaft traditionell in der Bischoff-Brauerei in Winnweiler statt. &nbsp; Das Feld bestand aus 46 Teilnehmern, die Setzliste anf\u00fchrend und Favoriten auf den Turniersieg waren FM Ingo Bruch (Winnweiler) und Oleg Yakovenko (Niederkirchen). Von der\u2026<\/p>\n<p class=\"continue-reading-button\"> <a class=\"continue-reading-link\" href=\"https:\/\/www.sgklm.schachix.de\/?page_id=320\">Continue reading<i class=\"crycon-right-dir\"><\/i><\/a><\/p>\n","protected":false},"author":2,"featured_media":0,"parent":0,"menu_order":0,"comment_status":"closed","ping_status":"closed","template":"","meta":{"_uag_custom_page_level_css":"","footnotes":""},"categories":[],"tags":[],"class_list":["post-320","page","type-page","status-publish","hentry"],"uagb_featured_image_src":{"full":false,"thumbnail":false,"medium":false,"medium_large":false,"large":false,"1536x1536":false,"2048x2048":false,"custom":false,"post-thumbnail":false,"header":false,"slider":false,"columns":false},"uagb_author_info":{"display_name":"Helmut H\u00fcrter","author_link":"https:\/\/www.sgklm.schachix.de\/?author=2"},"uagb_comment_info":0,"uagb_excerpt":"Kaiserslauterer Erfolge bei der Bezirks-Schnellschachmeisterschaft &nbsp; Wie jedes Jahr fand auch 2018 wieder am 01.November die Bezirks-Schnellschachmeisterschaft traditionell in der Bischoff-Brauerei in Winnweiler statt. &nbsp; Das Feld bestand aus 46 Teilnehmern, die Setzliste anf\u00fchrend und Favoriten auf den Turniersieg waren FM Ingo Bruch (Winnweiler) und Oleg Yakovenko (Niederkirchen). Von der\u2026 Continue reading","_links":{"self":[{"href":"https:\/\/www.sgklm.schachix.de\/index.php?rest_route=\/wp\/v2\/pages\/320","targetHints":{"allow":["GET"]}}],"collection":[{"href":"https:\/\/www.sgklm.schachix.de\/index.php?rest_route=\/wp\/v2\/pages"}],"about":[{"href":"https:\/\/www.sgklm.schachix.de\/index.php?rest_route=\/wp\/v2\/types\/page"}],"author":[{"embeddable":true,"href":"https:\/\/www.sgklm.schachix.de\/index.php?rest_route=\/wp\/v2\/users\/2"}],"replies":[{"embeddable":true,"href":"https:\/\/www.sgklm.schachix.de\/index.php?rest_route=%2Fwp%2Fv2%2Fcomments&post=320"}],"version-history":[{"count":2,"href":"https:\/\/www.sgklm.schachix.de\/index.php?rest_route=\/wp\/v2\/pages\/320\/revisions"}],"predecessor-version":[{"id":322,"href":"https:\/\/www.sgklm.schachix.de\/index.php?rest_route=\/wp\/v2\/pages\/320\/revisions\/322"}],"wp:attachment":[{"href":"https:\/\/www.sgklm.schachix.de\/index.php?rest_route=%2Fwp%2Fv2%2Fmedia&parent=320"}],"wp:term":[{"taxonomy":"category","embeddable":true,"href":"https:\/\/www.sgklm.schachix.de\/index.php?rest_route=%2Fwp%2Fv2%2Fcategories&post=320"},{"taxonomy":"post_tag","embeddable":true,"href":"https:\/\/www.sgklm.schachix.de\/index.php?rest_route=%2Fwp%2Fv2%2Ftags&post=320"}],"curies":[{"name":"wp","href":"https:\/\/api.w.org\/{rel}","templated":true}]}}