{"id":374,"date":"2019-01-10T18:03:45","date_gmt":"2019-01-10T18:03:45","guid":{"rendered":"https:\/\/www.sgklm.schachix.de\/?page_id=374"},"modified":"2019-01-10T18:37:14","modified_gmt":"2019-01-10T18:37:14","slug":"monatsblitz-januar-2019","status":"publish","type":"page","link":"https:\/\/www.sgklm.schachix.de\/?page_id=374","title":{"rendered":"Monatsblitz Januar 2019"},"content":{"rendered":"<p>Am 08.01. fand das erste Monatsblitzturnier im neuen Jahr statt.<\/p>\n<p>7 Teilnehmer fanden den Weg ins Spiellokal nach Kaiserslautern, weshalb 12 Runden gespielt werden konnten (Hin- und R\u00fcckrunde).<\/p>\n<p>Souver\u00e4ner Sieger wurde Oleg Yakovenko, der nie von Platz 1 zu verdr\u00e4ngen war. Philipp R\u00f6lle schob sich dank einem Endspurt (inkl. Siege gegen Oleg und Ingo) etwas gl\u00fccklich auf Platz 2 was f\u00fcr Titelverteidiger Ingo Bruch Platz 3 bedeutete.<\/p>\n<p>Ergebnisse:<\/p>\n<table style=\"border-collapse: collapse; width: 84.4998%;\" border=\"1\">\n<tbody>\n<tr>\n<td style=\"width: 10.4583%;\">Platz<\/td>\n<td style=\"width: 29.9583%;\">Name<\/td>\n<td style=\"width: 31.7916%;\">Verein<\/td>\n<td style=\"width: 12.2916%;\">Punkte<\/td>\n<\/tr>\n<tr>\n<td style=\"width: 10.4583%;\">1<\/td>\n<td style=\"width: 29.9583%;\">Oleg Yakovenko<\/td>\n<td style=\"width: 31.7916%;\">SC Niederkirchen<\/td>\n<td style=\"width: 12.2916%;\">9,5<\/td>\n<\/tr>\n<tr>\n<td style=\"width: 10.4583%;\">2<\/td>\n<td style=\"width: 29.9583%;\">Philipp R\u00f6lle<\/td>\n<td style=\"width: 31.7916%;\">SG Kaiserslautern<\/td>\n<td style=\"width: 12.2916%;\">8,5<\/td>\n<\/tr>\n<tr>\n<td style=\"width: 10.4583%;\">3<\/td>\n<td style=\"width: 29.9583%;\">FM Ingo Bruch<\/td>\n<td style=\"width: 31.7916%;\">TV Winnweiler<\/td>\n<td style=\"width: 12.2916%;\">8<\/td>\n<\/tr>\n<tr>\n<td style=\"width: 10.4583%;\">4<\/td>\n<td style=\"width: 29.9583%;\">Marco Albert<\/td>\n<td style=\"width: 31.7916%;\">SG Kaiserslautern<\/td>\n<td style=\"width: 12.2916%;\">5,5<\/td>\n<\/tr>\n<tr>\n<td style=\"width: 10.4583%;\">5<\/td>\n<td style=\"width: 29.9583%;\">Michael Diesenhof<\/td>\n<td style=\"width: 31.7916%;\">SG Kaiserslautern<\/td>\n<td style=\"width: 12.2916%;\">4<\/td>\n<\/tr>\n<tr>\n<td style=\"width: 10.4583%;\">6<\/td>\n<td style=\"width: 29.9583%;\">Denis Yakovenko<\/td>\n<td style=\"width: 31.7916%;\">SC Niederkirchen<\/td>\n<td style=\"width: 12.2916%;\">3,5<\/td>\n<\/tr>\n<tr>\n<td style=\"width: 10.4583%;\">7<\/td>\n<td style=\"width: 29.9583%;\">Bernhard B\u00f6hmler<\/td>\n<td style=\"width: 31.7916%;\">SG Kaiserslautern<\/td>\n<td style=\"width: 12.2916%;\">3<\/td>\n<\/tr>\n<\/tbody>\n<\/table>\n<p>Das n\u00e4chste Blitzturnier ist am 05.02. geplant.<\/p>\n\n\n<p><\/p>\n","protected":false},"excerpt":{"rendered":"<p>Am 08.01. fand das erste Monatsblitzturnier im neuen Jahr statt. 7 Teilnehmer fanden den Weg ins Spiellokal nach Kaiserslautern, weshalb 12 Runden gespielt werden konnten (Hin- und R\u00fcckrunde). Souver\u00e4ner Sieger wurde Oleg Yakovenko, der nie von Platz 1 zu verdr\u00e4ngen war. Philipp R\u00f6lle schob sich dank einem Endspurt (inkl. Siege\u2026<\/p>\n<p class=\"continue-reading-button\"> <a class=\"continue-reading-link\" href=\"https:\/\/www.sgklm.schachix.de\/?page_id=374\">Continue reading<i class=\"crycon-right-dir\"><\/i><\/a><\/p>\n","protected":false},"author":2,"featured_media":0,"parent":0,"menu_order":0,"comment_status":"closed","ping_status":"closed","template":"","meta":{"_uag_custom_page_level_css":"","footnotes":""},"categories":[],"tags":[],"class_list":["post-374","page","type-page","status-publish","hentry"],"uagb_featured_image_src":{"full":false,"thumbnail":false,"medium":false,"medium_large":false,"large":false,"1536x1536":false,"2048x2048":false,"custom":false,"post-thumbnail":false,"header":false,"slider":false,"columns":false},"uagb_author_info":{"display_name":"Helmut H\u00fcrter","author_link":"https:\/\/www.sgklm.schachix.de\/?author=2"},"uagb_comment_info":0,"uagb_excerpt":"Am 08.01. fand das erste Monatsblitzturnier im neuen Jahr statt. 7 Teilnehmer fanden den Weg ins Spiellokal nach Kaiserslautern, weshalb 12 Runden gespielt werden konnten (Hin- und R\u00fcckrunde). Souver\u00e4ner Sieger wurde Oleg Yakovenko, der nie von Platz 1 zu verdr\u00e4ngen war. Philipp R\u00f6lle schob sich dank einem Endspurt (inkl. Siege\u2026 Continue reading","_links":{"self":[{"href":"https:\/\/www.sgklm.schachix.de\/index.php?rest_route=\/wp\/v2\/pages\/374","targetHints":{"allow":["GET"]}}],"collection":[{"href":"https:\/\/www.sgklm.schachix.de\/index.php?rest_route=\/wp\/v2\/pages"}],"about":[{"href":"https:\/\/www.sgklm.schachix.de\/index.php?rest_route=\/wp\/v2\/types\/page"}],"author":[{"embeddable":true,"href":"https:\/\/www.sgklm.schachix.de\/index.php?rest_route=\/wp\/v2\/users\/2"}],"replies":[{"embeddable":true,"href":"https:\/\/www.sgklm.schachix.de\/index.php?rest_route=%2Fwp%2Fv2%2Fcomments&post=374"}],"version-history":[{"count":4,"href":"https:\/\/www.sgklm.schachix.de\/index.php?rest_route=\/wp\/v2\/pages\/374\/revisions"}],"predecessor-version":[{"id":390,"href":"https:\/\/www.sgklm.schachix.de\/index.php?rest_route=\/wp\/v2\/pages\/374\/revisions\/390"}],"wp:attachment":[{"href":"https:\/\/www.sgklm.schachix.de\/index.php?rest_route=%2Fwp%2Fv2%2Fmedia&parent=374"}],"wp:term":[{"taxonomy":"category","embeddable":true,"href":"https:\/\/www.sgklm.schachix.de\/index.php?rest_route=%2Fwp%2Fv2%2Fcategories&post=374"},{"taxonomy":"post_tag","embeddable":true,"href":"https:\/\/www.sgklm.schachix.de\/index.php?rest_route=%2Fwp%2Fv2%2Ftags&post=374"}],"curies":[{"name":"wp","href":"https:\/\/api.w.org\/{rel}","templated":true}]}}