{"id":41,"date":"2018-03-04T18:45:37","date_gmt":"2018-03-04T18:45:37","guid":{"rendered":"https:\/\/www.sgklm.schachix.de\/?page_id=41"},"modified":"2025-08-20T13:31:50","modified_gmt":"2025-08-20T13:31:50","slug":"1-mannschaft","status":"publish","type":"page","link":"https:\/\/www.sgklm.schachix.de\/?page_id=41","title":{"rendered":"1. Mannschaft"},"content":{"rendered":"<h5><strong><span style=\"font-size: 14pt;\">Saison 2025\/2026<\/span><\/strong><\/h5>\n<p>Die 1. Mannschaft spielt in der Oberliga S\u00fcd-West<\/p>\n<p>Die Aufstellung:<\/p>\n<ol>\n<li>Manuel Weller<\/li>\n<li>Simon Commercon<\/li>\n<li>Achim Wild<\/li>\n<li>Marco Albert<\/li>\n<li>Ingo Bruch<\/li>\n<li>Oleg Yakovenko<\/li>\n<li>Elias M\u00fcller<\/li>\n<li>Marius Lauer<\/li>\n<li>Matthias Huschens<\/li>\n<li>Philipp R\u00f6lle<\/li>\n<\/ol>\n<h5>Weitere Informationen findest du unter <a href=\"https:\/\/ergebnisdienst.schachbund.de\/bedh.php?liga=olsw\">hier<\/a><\/h5>\n<p>&nbsp;<\/p>\n<h5>In der Saison 2024\/2025 erreichte die 1. Mannschaft in der Oberliga S\u00fcd-West B zun\u00e4chst den geteilten 4. Platz (mit Worms). Im anschlie\u00dfenden Stichkampf um Platz 4 verlor die 1. Mannschaft mit 3,5 &#8211; 4,5 gegen Worms was den 5. Platz bedeutete.<br \/>\nDurch die Zusammenlegung der Oberliga S\u00fcd-West A und Oberliga S\u00fcd-West B f\u00fcr die Saison 2025\/2026 folgte daraufhin ein zweiter Stichkampf gegen den 6. der Oberliga S\u00fcd-West B.<br \/>\nDiesen konnte die 1. Mannschaft gegen Hofheim II mit 6-2 gewinnen und verbleibt damit in der Oberliga.<\/h5>\n<h4>Saison 2024\/2025<\/h4>\n<p>Die erste Mannschaft spielt in der Oberliga<\/p>\n<p>Die Aufstellung:<\/p>\n<ol>\n<li>Manuel Weller<\/li>\n<li>Simon Commercon<\/li>\n<li>Matthias Huschens<\/li>\n<li>Marco Albert<\/li>\n<li>Oleg Yakovenko<\/li>\n<li>Ingo Bruch<\/li>\n<li>Marius Lauer<\/li>\n<li>Elias M\u00fcller<\/li>\n<li>Andy Sievers<\/li>\n<li>Philipp R\u00f6lle<\/li>\n<\/ol>\n<p>Die weiteren Spieler und Details findest du auf der Seite des Ergebnisdiensts:<br \/>\n<a href=\"https:\/\/ergebnisdienst.schachbund.de\/bedm.php?liga=olsw&amp;nummer=5\">https:\/\/ergebnisdienst.schachbund.de\/bedm.php?liga=olsw&amp;nummer=5<\/a><\/p>\n<h4>Saison 2021\/22:<\/h4>\n<p>Ergebnisdienst: <a href=\"https:\/\/sbrp-ergebnisdienst.de\/index.php?p1=0:mm:R1-21:83114-1\">LINK<\/a><\/p>\n<p>Spieler und DWZ der ersten Bretter<\/p>\n<p>1 Manuel Weller 2222<br \/>\n2 Matthias Huschens 2133<br \/>\n<span style=\"font-size: revert; color: initial;\">3 Oleg Yakovenko 2185<br \/>\n<\/span>4 Marius Lauer 2089<br \/>\n5 FM Ingo Bruch 2219<br \/>\n6 FM Helmut H\u00fcrter 2180<br \/>\n7 Michael Diesenhof 2021<br \/>\n9 Denis Yakovenko 1991<br \/>\n10 Marco Albert 1931<\/p>\n<hr \/>\n<h5>Saison 2019\/2020<\/h5>\n<p>Die erste Mannschaft ist leider nicht aufgestiegen, da der Gegner aus Schwegenheim zu stark besetzt war. F\u00fcr die neue Saison sind die Aussichten aufen den Aufstieg aber so gut wie lange nicht mehr.<\/p>\n<p>Abg\u00e4nge: keine<br \/>\nZug\u00e4nge: FM Ingo Bruch aus Winnweiler, Oleg Yakovenko, Denis Yakovenko und Marius Lauer aus Niederkirchen<\/p>\n<p>Mannschaftsaufstellung und DWZ der ersten Bretter:<br \/>\n1 Oleg Yakovenko 2175<br \/>\n2 Matthias Huschens 2147<br \/>\n3 Philipp R\u00f6lle 2044<br \/>\n4 FM Ingo Bruch 2248<br \/>\n5 FM Helmut H\u00fcrter 2200<br \/>\n6 Marius Lauer 2062<br \/>\n7 Michael Diesenhof 2020<br \/>\n8 Robert W Keough 2032<br \/>\n9 Denis Yakovenko 1960<br \/>\n10 Marco Albert 1870<\/p>\n<p>Ergebnisdienst: <a href=\"https:\/\/sbrp-ergebnisdienst.de\/index.php?p1=0:mm:R2S-19:83114-1\">LINK<\/a><\/p>\n<h5>Saison 2018\/2019<\/h5>\n<p>Die erste Mannschaft spielt auch 2018\/2019 in der 2. Rheinland-Pfalz-Liga S\u00fcd.<\/p>\n<p>Zum Ergebnisdienst: <a href=\"https:\/\/sbrp-ergebnisdienst.de\/?p1=0:pa:R2S-18-1\">LINK<\/a><\/p>\n<p>Ver\u00e4nderungen gegen\u00fcber der letzten Saison:<\/p>\n<p>Christoph Kennel ist zu Erfenbach gewechselt.<br \/>\nThomas Schlapp spielt wieder in seiner Heimat.<\/p>\n<p>Philipp R\u00f6lle ist von Ramstein-Miesenbach zu uns gewechselt.<br \/>\nMarco Albert ist aus der zweiten in die erste Mannschaft aufgestiegen.<br \/>\nRobert Keough ist ein starker Spieler aus den USA.<br \/>\nYves Miltgen ist am ersten Brett in der zweiten Mannschaft gemeldet und wird vielleicht auch die erste einige Male verst\u00e4rken.<\/p>\n<p>Leider ist Speyer-Schwegenheim II in die Liga aufgestiegen, so dass der Aufstiegskampf bereits entschieden sein sollte.<\/p>\n<p>Mit unserer starken Mannschaft sollten wir aber zu keiner Zeit in Abstiegsnot geraten.<\/p>\n<p>1 Philipp R\u00f6lle<br \/>\n2 Matthias Huschens<br \/>\n3 FM Helmut H\u00fcrter<br \/>\n4 Robert Keough<br \/>\n5 Michael Diesenhof<br \/>\n6 Silverio Martinez Fernandez<br \/>\n7 Roland Fick<br \/>\n8 Joseph Bernhart<br \/>\n9 Marco Albert<\/p>\n","protected":false},"excerpt":{"rendered":"<p>Saison 2025\/2026 Die 1. Mannschaft spielt in der Oberliga S\u00fcd-West Die Aufstellung: Manuel Weller Simon Commercon Achim Wild Marco Albert Ingo Bruch Oleg Yakovenko Elias M\u00fcller Marius Lauer Matthias Huschens Philipp R\u00f6lle Weitere Informationen findest du unter hier &nbsp; In der Saison 2024\/2025 erreichte die 1. Mannschaft in der Oberliga\u2026<\/p>\n<p class=\"continue-reading-button\"> <a class=\"continue-reading-link\" href=\"https:\/\/www.sgklm.schachix.de\/?page_id=41\">Continue reading<i class=\"crycon-right-dir\"><\/i><\/a><\/p>\n","protected":false},"author":2,"featured_media":0,"parent":0,"menu_order":0,"comment_status":"closed","ping_status":"closed","template":"","meta":{"_uag_custom_page_level_css":"","footnotes":""},"categories":[],"tags":[],"class_list":["post-41","page","type-page","status-publish","hentry"],"uagb_featured_image_src":{"full":false,"thumbnail":false,"medium":false,"medium_large":false,"large":false,"1536x1536":false,"2048x2048":false,"custom":false,"post-thumbnail":false,"header":false,"slider":false,"columns":false},"uagb_author_info":{"display_name":"Helmut H\u00fcrter","author_link":"https:\/\/www.sgklm.schachix.de\/?author=2"},"uagb_comment_info":0,"uagb_excerpt":"Saison 2025\/2026 Die 1. Mannschaft spielt in der Oberliga S\u00fcd-West Die Aufstellung: Manuel Weller Simon Commercon Achim Wild Marco Albert Ingo Bruch Oleg Yakovenko Elias M\u00fcller Marius Lauer Matthias Huschens Philipp R\u00f6lle Weitere Informationen findest du unter hier &nbsp; In der Saison 2024\/2025 erreichte die 1. Mannschaft in der Oberliga\u2026 Continue reading","_links":{"self":[{"href":"https:\/\/www.sgklm.schachix.de\/index.php?rest_route=\/wp\/v2\/pages\/41","targetHints":{"allow":["GET"]}}],"collection":[{"href":"https:\/\/www.sgklm.schachix.de\/index.php?rest_route=\/wp\/v2\/pages"}],"about":[{"href":"https:\/\/www.sgklm.schachix.de\/index.php?rest_route=\/wp\/v2\/types\/page"}],"author":[{"embeddable":true,"href":"https:\/\/www.sgklm.schachix.de\/index.php?rest_route=\/wp\/v2\/users\/2"}],"replies":[{"embeddable":true,"href":"https:\/\/www.sgklm.schachix.de\/index.php?rest_route=%2Fwp%2Fv2%2Fcomments&post=41"}],"version-history":[{"count":19,"href":"https:\/\/www.sgklm.schachix.de\/index.php?rest_route=\/wp\/v2\/pages\/41\/revisions"}],"predecessor-version":[{"id":2910,"href":"https:\/\/www.sgklm.schachix.de\/index.php?rest_route=\/wp\/v2\/pages\/41\/revisions\/2910"}],"wp:attachment":[{"href":"https:\/\/www.sgklm.schachix.de\/index.php?rest_route=%2Fwp%2Fv2%2Fmedia&parent=41"}],"wp:term":[{"taxonomy":"category","embeddable":true,"href":"https:\/\/www.sgklm.schachix.de\/index.php?rest_route=%2Fwp%2Fv2%2Fcategories&post=41"},{"taxonomy":"post_tag","embeddable":true,"href":"https:\/\/www.sgklm.schachix.de\/index.php?rest_route=%2Fwp%2Fv2%2Ftags&post=41"}],"curies":[{"name":"wp","href":"https:\/\/api.w.org\/{rel}","templated":true}]}}