{"id":45,"date":"2018-03-04T18:45:54","date_gmt":"2018-03-04T18:45:54","guid":{"rendered":"https:\/\/www.sgklm.schachix.de\/?page_id=45"},"modified":"2025-08-20T13:31:14","modified_gmt":"2025-08-20T13:31:14","slug":"3-mannschaft","status":"publish","type":"page","link":"https:\/\/www.sgklm.schachix.de\/?page_id=45","title":{"rendered":"3. Mannschaft"},"content":{"rendered":"\r\n<h4 class=\"wp-block-heading\"><strong>Saison 2025\/2026<\/strong><\/h4>\r\n<p>Die dritte Mannschaft spielt in der 1. Pfalzliga<\/p>\r\n<p>Die Aufstellung:<\/p>\r\n<ol>\r\n<li>Jonas Kaufhold (P)<\/li>\r\n<li>Johannes Denzer (P)<\/li>\r\n<li>Joseph Bernhart<\/li>\r\n<li>Jan Gorzedowski<\/li>\r\n<li>Rajit Majumdar<\/li>\r\n<li>Andreas Quack<\/li>\r\n<li>Andreas Kamyschnikow<\/li>\r\n<li>Karsten Hubing<\/li>\r\n<li>Tristan Klein<\/li>\r\n<li>Tobias Wahl<\/li>\r\n<li>Daniel Malle<\/li>\r\n<li>Steven Hesse<\/li>\r\n<li>Thomas Marx<\/li>\r\n<li>Julian Hahn<\/li>\r\n<\/ol>\r\n<h5>Weitere Informationen findest du unter <a href=\"https:\/\/sbrp-ergebnisdienst.de\/index.php?p1=0:pa:BK6-25-1\">hier<\/a><\/h5>\r\n<h5>In der Saison 2024\/2025 wurde die 3. Mannschaft 1. in der 2. Pfalzliga West und steigt somit in die 1. Pfalzliga auf.<\/h5>\r\n<h4 class=\"wp-block-heading\">Saison 2024\/25<\/h4>\r\n\r\n\r\n\r\n<h4>Spiel der dritten Mannschaft in Runde 7 gegen Bann.<\/h4>\r\n<p>Vorweg: Das Spiel endete 6:2 und nun steht unsere Mannschaft zumindest vor\u00fcbergehend vollkommen \u00fcberraschend auf Platz 1 der Tabelle. Von wegen &#8222;nicht abstiegsgef\u00e4hrdet&#8220;. Die Mannschaft ist jetzt aufstiegsgef\u00e4hrdet.\u00a0<\/p>\r\n<p>Wie das?<\/p>\r\n<p>In Runde 4 kam es zu einem merkw\u00fcrdigen 4:4 mit ACHT Remisen im Spiel zwischen Bann und Fehrbach. Ende war, dass das Ergebnis als -:- gewertet wurde, also f\u00fcr beide als kampflos verloren. Damit liegt Fehrbach nun mit 10:2 Punkten hinter unserer Mannschaft, die 10:4 Punkte und mehr Brettpunkte hat.<\/p>\r\n<p>Das Ergebnis des Spiels von Mackenbach gegen Zweibr\u00fccken fehlt noch. Warum ist zun\u00e4chst unbekannt. Zweibr\u00fccken steht also auf 9:3 Punkten und hinter uns, kann aber noch \u00fcberholen.<\/p>\r\n<p>Weilerbach und Pirmasens II haben sich 4:4 getrennt und sind einen Punkt zur\u00fcckgefallen.<\/p>\r\n<p>Zum Spiel selbst:<\/p>\r\n<p>An Brett 1 traf Philipp auf Martin B\u00f6hm. Die beiden sind bei Niedermohr-H\u00fctschenhausen eine Liga h\u00f6her Mannschaftskameraden. Nebenbei: Philipp hat auch noch einen dritten Job in der ersten Mannschaft von Kaiserslautern.<\/p>\r\n<p>Philipp kassierte die zweite Niederlage in dieser Saison, denn er konnte es sich leisten. Dahinter spielten Roland und Tobias Remis. 1:2.<br \/>Der aufmerksame Leser (in usw.) wei\u00df nun schon, wie die anderen Ergebnisse lauten: Siege f\u00fcr Andreas Q, Andreas K, Joseph, Rajit und Kevin. Gratulation. In den Top 10 der Liga sind nun Andreas Q (6 aus 7), Rajit (5 aus 6) und Tobias (4,5 aus 7) vertreten.\u00a0<\/p>\r\n<p>Wers nicht glaubt, kann sich hier vergewissern: <a title=\"https:\/\/sbrp-ergebnisdienst.de\/index.php?p1=0:pa:KK6A2-24-7\" href=\"https:\/\/sbrp-ergebnisdienst.de\/index.php?p1=0:pa:KK6A2-24-7\">https:\/\/sbrp-ergebnisdienst.de\/index.php?p1=0:pa:KK6A2-24-7<\/a><\/p>\r\n<h4>Die dritte Mannschaft in der Saison 24\/25:<\/h4>\r\n<p>Die dritte Mannschaft ist in die zweite Pfalzliga West aufgestiegen und sollte kaum abstiegsgef\u00e4hrdet sein.<\/p>\r\n\r\n\r\n\r\n<p>Wir haben hier eine gesunde Mischung aus Spielern der ehemaligen &#8222;Zweiten&#8220; und Jugendspielern:<\/p>\r\n\r\n\r\n\r\n<ol class=\"wp-block-list\">\r\n<li>Roland Fick<\/li>\r\n\r\n\r\n\r\n<li>Tobias Wahl (MF)<\/li>\r\n\r\n\r\n\r\n<li>Andreas Quack<\/li>\r\n\r\n\r\n\r\n<li>Joseph Bernhart<\/li>\r\n\r\n\r\n\r\n<li>Andreas Kamyschnikov<\/li>\r\n\r\n\r\n\r\n<li>Thomas Marx<\/li>\r\n\r\n\r\n\r\n<li>Karsten Hubing<\/li>\r\n\r\n\r\n\r\n<li>Dr. Markus Mang<\/li>\r\n\r\n\r\n\r\n<li>Steven Hesse<\/li>\r\n\r\n\r\n\r\n<li>Daniel Malle<\/li>\r\n\r\n\r\n\r\n<li>Julian Hahn<\/li>\r\n\r\n\r\n\r\n<li>Malte Hensen<\/li>\r\n\r\n\r\n\r\n<li>Rajit Mamundjar<\/li>\r\n\r\n\r\n\r\n<li>Prof. Matthias Hahn<\/li>\r\n<\/ol>\r\n\r\n\r\n\r\n<p>Inzwischen ist auch Philipp R\u00f6lle dazugekommen, der durch eine Merkw\u00fcrdigkeit bei den Regeln in dieser Saison in der Ersten, der Dritten und als P-Spieler alle Spiele machen darf. \u00dcbrigens bisher (26.01.2025) mit gro\u00dfem Erfolg.<\/p>\r\n\r\n\r\n\r\n<h2 class=\"wp-block-heading\">Runde 6 gegen Eisenberg<\/h2>\r\n\r\n\r\n\r\n<p>Philipp gewann dann auch seine Partie an Brett 1 gegen Ole Brunck nach einer Er\u00f6ffnungskatastrophe und einer gewissen Konsolidierung, bis der Gegner mehrere schlechte Z\u00fcge hintereinander und dann sogar laut Philipp den schlechtesten Zug machte (h3). Die weiteren Siege steuerten die Wei\u00df-Spieler Andreas Quack, Daniel und Rajit bei (letzterer mit einer der besten Partien, die er je gespielt hat). Nun gut, er spielt auch erst seit gut einem Jahr und bei seinem DWZ-Aufstieg m\u00fcssen auch noch mehr gute Partien dabei gewesen sein. Roland und Julian lieferten die beiden fehlenden Punkth\u00e4lften.<\/p>\r\n\r\n\r\n\r\n<p>Die Tabelle sieht nun schon viel besser aus. Die beiden sehr starken Mannschaften aus Zweibr\u00fccken und Fehrbach sollten aber den Aufstieg unter sich ausmachen.<\/p>\r\n\r\n\r\n\r\n<figure class=\"wp-block-image size-full is-resized\"><img loading=\"lazy\" decoding=\"async\" width=\"679\" height=\"272\" class=\"wp-image-2364\" style=\"width: 540px; height: auto;\" src=\"https:\/\/www.sgklm.schachix.de\/wp-content\/uploads\/2025\/01\/image-5.png\" alt=\"\" srcset=\"https:\/\/www.sgklm.schachix.de\/wp-content\/uploads\/2025\/01\/image-5.png 679w, https:\/\/www.sgklm.schachix.de\/wp-content\/uploads\/2025\/01\/image-5-300x120.png 300w, https:\/\/www.sgklm.schachix.de\/wp-content\/uploads\/2025\/01\/image-5-150x60.png 150w\" sizes=\"auto, (max-width: 679px) 100vw, 679px\" \/><\/figure>\r\n\r\n\r\n\r\n<p>Weitere Infos: <a href=\"https:\/\/sbrp-ergebnisdienst.de\/index.php?p1=0:pa:KK6A2-24-6\">https:\/\/sbrp-ergebnisdienst.de\/index.php?p1=0:pa:KK6A2-24-6<\/a><\/p>\r\n\r\n\r\n\r\n<h4 class=\"wp-block-heading\">Saison 2021\/22<\/h4>\r\n\r\n\r\n\r\n<p>Die dritte Mannschaft spielt nach Aufstieg in der Saison 2021\/2022 in der Bezirksklasse West.<\/p>\r\n\r\n\r\n\r\n<p>Zum Ergebnisdienst: LINK<\/p>\r\n\r\n\r\n\r\n<p>Manschaftsf\u00fchrer ist Markus Mang.<\/p>\r\n\r\n\r\n\r\n<p>Aufstellung:<\/p>\r\n\r\n\r\n\r\n<p>1 Thomas Marx<br \/>2 Dr. Markus Mang<br \/>3 Leon Breidt<br \/>4 Dr. Ralf Assel<br \/>5 J\u00fcrgen Fickert<br \/>6 Samuel Klaa\u00dfen<br \/>7 Dennis L\u00f6nard<br \/>8 Carsten D\u00f6rr<br \/>9 Thomas Yi<br \/>10 Rolf Braun<br \/>11 Janett Metzler<\/p>\r\n\r\n\r\n\r\n<p>Die dritte Mannschaft spielt auch 2018\/2019 in der Kreisliga. Jede Mannschaft in der Kreisliga hat 6 Spieler.<\/p>\r\n\r\n\r\n\r\n<p>Zum Ergebnisdienst: <a href=\"https:\/\/sbrp-ergebnisdienst.de\/?p1=0:pa:KK8C2-18-1\">LINK<\/a><\/p>\r\n\r\n\r\n\r\n<p>Mannschaftsf\u00fchrer ist Carsten D\u00f6rr. Gemeldet wurden folgende Spieler:<br \/>Dar\u00fcber hinaus stehen als Ersatzspieler die Spieler der neu gebildeten 4. Mannschaft zur Verf\u00fcgung.<\/p>\r\n\r\n\r\n\r\n<p>1 Carsten D\u00f6rr<br \/>2 Thomas Yi<br \/>3 Steven Hesse<br \/>4 Janett Metzler<br \/>5 Arno Drouven<br \/>6 Michael Kolikidis<br \/>7 Kevin Hesse<br \/>8 Kurosh Anisi<\/p>\r\n","protected":false},"excerpt":{"rendered":"<p>Saison 2025\/2026 Die dritte Mannschaft spielt in der 1. Pfalzliga Die Aufstellung: Jonas Kaufhold (P) Johannes Denzer (P) Joseph Bernhart Jan Gorzedowski Rajit Majumdar Andreas Quack Andreas Kamyschnikow Karsten Hubing Tristan Klein Tobias Wahl Daniel Malle Steven Hesse Thomas Marx Julian Hahn Weitere Informationen findest du unter hier In der\u2026<\/p>\n<p class=\"continue-reading-button\"> <a class=\"continue-reading-link\" href=\"https:\/\/www.sgklm.schachix.de\/?page_id=45\">Continue reading<i class=\"crycon-right-dir\"><\/i><\/a><\/p>\n","protected":false},"author":2,"featured_media":0,"parent":0,"menu_order":0,"comment_status":"closed","ping_status":"closed","template":"","meta":{"_uag_custom_page_level_css":"","footnotes":""},"categories":[],"tags":[],"class_list":["post-45","page","type-page","status-publish","hentry"],"uagb_featured_image_src":{"full":false,"thumbnail":false,"medium":false,"medium_large":false,"large":false,"1536x1536":false,"2048x2048":false,"custom":false,"post-thumbnail":false,"header":false,"slider":false,"columns":false},"uagb_author_info":{"display_name":"Helmut H\u00fcrter","author_link":"https:\/\/www.sgklm.schachix.de\/?author=2"},"uagb_comment_info":0,"uagb_excerpt":"Saison 2025\/2026 Die dritte Mannschaft spielt in der 1. Pfalzliga Die Aufstellung: Jonas Kaufhold (P) Johannes Denzer (P) Joseph Bernhart Jan Gorzedowski Rajit Majumdar Andreas Quack Andreas Kamyschnikow Karsten Hubing Tristan Klein Tobias Wahl Daniel Malle Steven Hesse Thomas Marx Julian Hahn Weitere Informationen findest du unter hier In der\u2026 Continue reading","_links":{"self":[{"href":"https:\/\/www.sgklm.schachix.de\/index.php?rest_route=\/wp\/v2\/pages\/45","targetHints":{"allow":["GET"]}}],"collection":[{"href":"https:\/\/www.sgklm.schachix.de\/index.php?rest_route=\/wp\/v2\/pages"}],"about":[{"href":"https:\/\/www.sgklm.schachix.de\/index.php?rest_route=\/wp\/v2\/types\/page"}],"author":[{"embeddable":true,"href":"https:\/\/www.sgklm.schachix.de\/index.php?rest_route=\/wp\/v2\/users\/2"}],"replies":[{"embeddable":true,"href":"https:\/\/www.sgklm.schachix.de\/index.php?rest_route=%2Fwp%2Fv2%2Fcomments&post=45"}],"version-history":[{"count":18,"href":"https:\/\/www.sgklm.schachix.de\/index.php?rest_route=\/wp\/v2\/pages\/45\/revisions"}],"predecessor-version":[{"id":2908,"href":"https:\/\/www.sgklm.schachix.de\/index.php?rest_route=\/wp\/v2\/pages\/45\/revisions\/2908"}],"wp:attachment":[{"href":"https:\/\/www.sgklm.schachix.de\/index.php?rest_route=%2Fwp%2Fv2%2Fmedia&parent=45"}],"wp:term":[{"taxonomy":"category","embeddable":true,"href":"https:\/\/www.sgklm.schachix.de\/index.php?rest_route=%2Fwp%2Fv2%2Fcategories&post=45"},{"taxonomy":"post_tag","embeddable":true,"href":"https:\/\/www.sgklm.schachix.de\/index.php?rest_route=%2Fwp%2Fv2%2Ftags&post=45"}],"curies":[{"name":"wp","href":"https:\/\/api.w.org\/{rel}","templated":true}]}}